{"id":1001,"date":"2025-02-05T15:08:02","date_gmt":"2025-02-05T15:08:02","guid":{"rendered":"https:\/\/amorc.hu\/?page_id=1001"},"modified":"2025-02-05T22:03:46","modified_gmt":"2025-02-05T22:03:46","slug":"csatlakozz-online","status":"publish","type":"page","link":"https:\/\/amorc.hu\/index.php\/csatlakozz-online\/","title":{"rendered":"Tagfelv\u00e9teli k\u00e9relem"},"content":{"rendered":"\t\t<div data-elementor-type=\"wp-page\" data-elementor-id=\"1001\" class=\"elementor elementor-1001\" data-elementor-post-type=\"page\">\n\t\t\t\t\t\t<section class=\"elementor-section elementor-top-section elementor-element elementor-element-4ae6315 elementor-section-full_width elementor-section-height-min-height elementor-section-height-default elementor-section-items-middle\" data-id=\"4ae6315\" data-element_type=\"section\" data-e-type=\"section\" data-settings=\"{&quot;background_background&quot;:&quot;classic&quot;,&quot;shape_divider_bottom&quot;:&quot;wave-brush&quot;}\">\n\t\t\t\t\t\t\t<div class=\"elementor-background-overlay\"><\/div>\n\t\t\t\t\t\t<div class=\"elementor-shape elementor-shape-bottom\" aria-hidden=\"true\" data-negative=\"false\">\n\t\t\t<svg xmlns=\"http:\/\/www.w3.org\/2000\/svg\" viewBox=\"0 0 283.5 27.8\" preserveAspectRatio=\"none\">\n\t<path class=\"elementor-shape-fill\" d=\"M283.5,9.7c0,0-7.3,4.3-14,4.6c-6.8,0.3-12.6,0-20.9-1.5c-11.3-2-33.1-10.1-44.7-5.7\ts-12.1,4.6-18,7.4c-6.6,3.2-20,9.6-36.6,9.3C131.6,23.5,99.5,7.2,86.3,8c-1.4,0.1-6.6,0.8-10.5,2c-3.8,1.2-9.4,3.8-17,4.7\tc-3.2,0.4-8.3,1.1-14.2,0.9c-1.5-0.1-6.3-0.4-12-1.6c-5.7-1.2-11-3.1-15.8-3.7C6.5,9.2,0,10.8,0,10.8V0h283.5V9.7z M260.8,11.3\tc-0.7-1-2-0.4-4.3-0.4c-2.3,0-6.1-1.2-5.8-1.1c0.3,0.1,3.1,1.5,6,1.9C259.7,12.2,261.4,12.3,260.8,11.3z M242.4,8.6\tc0,0-2.4-0.2-5.6-0.9c-3.2-0.8-10.3-2.8-15.1-3.5c-8.2-1.1-15.8,0-15.1,0.1c0.8,0.1,9.6-0.6,17.6,1.1c3.3,0.7,9.3,2.2,12.4,2.7\tC239.9,8.7,242.4,8.6,242.4,8.6z M185.2,8.5c1.7-0.7-13.3,4.7-18.5,6.1c-2.1,0.6-6.2,1.6-10,2c-3.9,0.4-8.9,0.4-8.8,0.5\tc0,0.2,5.8,0.8,11.2,0c5.4-0.8,5.2-1.1,7.6-1.6C170.5,14.7,183.5,9.2,185.2,8.5z M199.1,6.9c0.2,0-0.8-0.4-4.8,1.1\tc-4,1.5-6.7,3.5-6.9,3.7c-0.2,0.1,3.5-1.8,6.6-3C197,7.5,199,6.9,199.1,6.9z M283,6c-0.1,0.1-1.9,1.1-4.8,2.5s-6.9,2.8-6.7,2.7\tc0.2,0,3.5-0.6,7.4-2.5C282.8,6.8,283.1,5.9,283,6z M31.3,11.6c0.1-0.2-1.9-0.2-4.5-1.2s-5.4-1.6-7.8-2C15,7.6,7.3,8.5,7.7,8.6\tC8,8.7,15.9,8.3,20.2,9.3c2.2,0.5,2.4,0.5,5.7,1.6S31.2,11.9,31.3,11.6z M73,9.2c0.4-0.1,3.5-1.6,8.4-2.6c4.9-1.1,8.9-0.5,8.9-0.8\tc0-0.3-1-0.9-6.2-0.3S72.6,9.3,73,9.2z M71.6,6.7C71.8,6.8,75,5.4,77.3,5c2.3-0.3,1.9-0.5,1.9-0.6c0-0.1-1.1-0.2-2.7,0.2\tC74.8,5.1,71.4,6.6,71.6,6.7z M93.6,4.4c0.1,0.2,3.5,0.8,5.6,1.8c2.1,1,1.8,0.6,1.9,0.5c0.1-0.1-0.8-0.8-2.4-1.3\tC97.1,4.8,93.5,4.2,93.6,4.4z M65.4,11.1c-0.1,0.3,0.3,0.5,1.9-0.2s2.6-1.3,2.2-1.2s-0.9,0.4-2.5,0.8C65.3,10.9,65.5,10.8,65.4,11.1\tz M34.5,12.4c-0.2,0,2.1,0.8,3.3,0.9c1.2,0.1,2,0.1,2-0.2c0-0.3-0.1-0.5-1.6-0.4C36.6,12.8,34.7,12.4,34.5,12.4z M152.2,21.1\tc-0.1,0.1-2.4-0.3-7.5-0.3c-5,0-13.6-2.4-17.2-3.5c-3.6-1.1,10,3.9,16.5,4.1C150.5,21.6,152.3,21,152.2,21.1z\"\/>\n\t<path class=\"elementor-shape-fill\" d=\"M269.6,18c-0.1-0.1-4.6,0.3-7.2,0c-7.3-0.7-17-3.2-16.6-2.9c0.4,0.3,13.7,3.1,17,3.3\tC267.7,18.8,269.7,18,269.6,18z\"\/>\n\t<path class=\"elementor-shape-fill\" d=\"M227.4,9.8c-0.2-0.1-4.5-1-9.5-1.2c-5-0.2-12.7,0.6-12.3,0.5c0.3-0.1,5.9-1.8,13.3-1.2\tS227.6,9.9,227.4,9.8z\"\/>\n\t<path class=\"elementor-shape-fill\" d=\"M204.5,13.4c-0.1-0.1,2-1,3.2-1.1c1.2-0.1,2,0,2,0.3c0,0.3-0.1,0.5-1.6,0.4\tC206.4,12.9,204.6,13.5,204.5,13.4z\"\/>\n\t<path class=\"elementor-shape-fill\" d=\"M201,10.6c0-0.1-4.4,1.2-6.3,2.2c-1.9,0.9-6.2,3.1-6.1,3.1c0.1,0.1,4.2-1.6,6.3-2.6\tS201,10.7,201,10.6z\"\/>\n\t<path class=\"elementor-shape-fill\" d=\"M154.5,26.7c-0.1-0.1-4.6,0.3-7.2,0c-7.3-0.7-17-3.2-16.6-2.9c0.4,0.3,13.7,3.1,17,3.3\tC152.6,27.5,154.6,26.8,154.5,26.7z\"\/>\n\t<path class=\"elementor-shape-fill\" d=\"M41.9,19.3c0,0,1.2-0.3,2.9-0.1c1.7,0.2,5.8,0.9,8.2,0.7c4.2-0.4,7.4-2.7,7-2.6\tc-0.4,0-4.3,2.2-8.6,1.9c-1.8-0.1-5.1-0.5-6.7-0.4S41.9,19.3,41.9,19.3z\"\/>\n\t<path class=\"elementor-shape-fill\" d=\"M75.5,12.6c0.2,0.1,2-0.8,4.3-1.1c2.3-0.2,2.1-0.3,2.1-0.5c0-0.1-1.8-0.4-3.4,0\tC76.9,11.5,75.3,12.5,75.5,12.6z\"\/>\n\t<path class=\"elementor-shape-fill\" d=\"M15.6,13.2c0-0.1,4.3,0,6.7,0.5c2.4,0.5,5,1.9,5,2c0,0.1-2.7-0.8-5.1-1.4\tC19.9,13.7,15.7,13.3,15.6,13.2z\"\/>\n<\/svg>\t\t<\/div>\n\t\t\t\t\t<div class=\"elementor-container elementor-column-gap-default\">\n\t\t\t\t\t<div class=\"elementor-column elementor-col-100 elementor-top-column elementor-element elementor-element-9764ffa\" data-id=\"9764ffa\" data-element_type=\"column\" data-e-type=\"column\" data-settings=\"{&quot;background_background&quot;:&quot;classic&quot;}\">\n\t\t\t<div class=\"elementor-widget-wrap elementor-element-populated\">\n\t\t\t\t\t\t<div class=\"elementor-element elementor-element-65ae897 elementor-widget elementor-widget-text-editor\" data-id=\"65ae897\" data-element_type=\"widget\" data-e-type=\"widget\" data-widget_type=\"text-editor.default\">\n\t\t\t\t<div class=\"elementor-widget-container\">\n\t\t\t\t\t\t\t\t\t<p>Tagfelv\u00e9teli k\u00e9relem<\/p>\t\t\t\t\t\t\t\t<\/div>\n\t\t\t\t<\/div>\n\t\t\t\t\t<\/div>\n\t\t<\/div>\n\t\t\t\t\t<\/div>\n\t\t<\/section>\n\t\t\t\t<section class=\"elementor-section elementor-top-section elementor-element elementor-element-a820415 elementor-section-boxed elementor-section-height-default elementor-section-height-default\" data-id=\"a820415\" data-element_type=\"section\" data-e-type=\"section\" data-settings=\"{&quot;background_background&quot;:&quot;classic&quot;}\">\n\t\t\t\t\t\t<div class=\"elementor-container elementor-column-gap-default\">\n\t\t\t\t\t<div class=\"elementor-column elementor-col-100 elementor-top-column elementor-element elementor-element-5f7eea8\" data-id=\"5f7eea8\" data-element_type=\"column\" data-e-type=\"column\">\n\t\t\t<div class=\"elementor-widget-wrap elementor-element-populated\">\n\t\t\t\t\t\t<section class=\"elementor-section elementor-inner-section elementor-element elementor-element-0f0dfff elementor-section-content-middle elementor-section-boxed elementor-section-height-default elementor-section-height-default\" data-id=\"0f0dfff\" data-element_type=\"section\" data-e-type=\"section\">\n\t\t\t\t\t\t<div class=\"elementor-container elementor-column-gap-default\">\n\t\t\t\t\t<div class=\"elementor-column elementor-col-100 elementor-inner-column elementor-element elementor-element-ae378bf\" data-id=\"ae378bf\" data-element_type=\"column\" data-e-type=\"column\">\n\t\t\t<div class=\"elementor-widget-wrap elementor-element-populated\">\n\t\t\t\t\t\t<div class=\"elementor-element elementor-element-35a76e3 elementor-widget elementor-widget-text-editor\" data-id=\"35a76e3\" data-element_type=\"widget\" data-e-type=\"widget\" data-settings=\"{&quot;_animation&quot;:&quot;none&quot;}\" data-widget_type=\"text-editor.default\">\n\t\t\t\t<div class=\"elementor-widget-container\">\n\t\t\t\t\t\t\t\t\t<div class=\"wpb_text_column wpb_content_element vc_custom_1646997011585 luv_dynamic-a3720d88 luv_dynamic-815b14dc luv_dynamic-5e17c258 luv_dynamic-f36b8c39\"><div class=\"wpb_wrapper\"><h5><strong>K\u00e9rlek olvassd el gondosan az online tagfelv\u00e9teli k\u00e9relem pontjait \u00e9s v\u00e1laszolj a k\u00e9rd\u00e9sekre.<\/strong><\/h5><p>Napokon bel\u00fcl v\u00e1laszolni fogunk Neked \u00e9s amennyiben Tagfelv\u00e9telt nyert\u00e9l k\u00e9rj\u00fck, hogy legal\u00e1bb egy negyed\u00e9ves tagd\u00edjat utalj \u00e1t vagy fizess be sz\u00e1mlasz\u00e1munkra, hogy \u00e9rv\u00e9nyes\u00edteni tudjuk a tags\u00e1god! K\u00f6sz\u00f6nj\u00fck!<\/p><\/div><\/div>\t\t\t\t\t\t\t\t<\/div>\n\t\t\t\t<\/div>\n\t\t\t\t\t<\/div>\n\t\t<\/div>\n\t\t\t\t\t<\/div>\n\t\t<\/section>\n\t\t\t\t<div class=\"elementor-element elementor-element-b49841b elementor-widget elementor-widget-form\" data-id=\"b49841b\" data-element_type=\"widget\" data-e-type=\"widget\" data-settings=\"{&quot;button_width&quot;:&quot;20&quot;,&quot;step_next_label&quot;:&quot;K\\u00f6vetkez\\u0151&quot;,&quot;step_previous_label&quot;:&quot;El\\u0151z\\u0151&quot;,&quot;step_type&quot;:&quot;number_text&quot;,&quot;step_icon_shape&quot;:&quot;circle&quot;}\" data-widget_type=\"form.default\">\n\t\t\t\t<div class=\"elementor-widget-container\">\n\t\t\t\t\t\t\t<form class=\"elementor-form\" method=\"post\" name=\"tagfelv\u00e9tel\">\n\t\t\t<input type=\"hidden\" name=\"post_id\" value=\"1001\"\/>\n\t\t\t<input type=\"hidden\" name=\"form_id\" value=\"b49841b\"\/>\n\t\t\t<input type=\"hidden\" name=\"referer_title\" value=\"\" \/>\n\n\t\t\t\n\t\t\t<div class=\"elementor-form-fields-wrapper elementor-labels-above\">\n\t\t\t\t\t\t\t\t<div class=\"elementor-field-type-text elementor-field-group elementor-column elementor-field-group-name elementor-col-100 elementor-field-required\">\n\t\t\t\t\t\t\t\t\t\t\t\t\t<input size=\"1\" type=\"text\" name=\"form_fields[name]\" id=\"form-field-name\" class=\"elementor-field elementor-size-sm  elementor-field-textual\" placeholder=\"n\u00e9v\" required=\"required\">\n\t\t\t\t\t\t\t\t\t\t\t<\/div>\n\t\t\t\t\t\t\t\t<div class=\"elementor-field-type-text elementor-field-group elementor-column elementor-field-group-email elementor-col-100 elementor-field-required\">\n\t\t\t\t\t\t\t\t\t\t\t\t\t<input size=\"1\" type=\"text\" name=\"form_fields[email]\" id=\"form-field-email\" class=\"elementor-field elementor-size-sm  elementor-field-textual\" placeholder=\"lakc\u00edm\" required=\"required\">\n\t\t\t\t\t\t\t\t\t\t\t<\/div>\n\t\t\t\t\t\t\t\t<div class=\"elementor-field-type-tel elementor-field-group elementor-column elementor-field-group-message elementor-col-100 elementor-field-required\">\n\t\t\t\t\t\t\t<input size=\"1\" type=\"tel\" name=\"form_fields[message]\" id=\"form-field-message\" class=\"elementor-field elementor-size-sm  elementor-field-textual\" placeholder=\"telefonsz\u00e1m\" required=\"required\" pattern=\"[0-9()#&amp;+*-=.]+\" title=\"Only numbers and phone characters (#, -, *, etc) are accepted.\">\n\n\t\t\t\t\t\t<\/div>\n\t\t\t\t\t\t\t\t<div class=\"elementor-field-type-email elementor-field-group elementor-column elementor-field-group-field_11bf670 elementor-col-100 elementor-field-required\">\n\t\t\t\t\t\t\t\t\t\t\t\t\t<input size=\"1\" type=\"email\" name=\"form_fields[field_11bf670]\" id=\"form-field-field_11bf670\" class=\"elementor-field elementor-size-sm  elementor-field-textual\" placeholder=\"e-mail c\u00edm\" required=\"required\">\n\t\t\t\t\t\t\t\t\t\t\t<\/div>\n\t\t\t\t\t\t\t\t<div class=\"elementor-field-type-date elementor-field-group elementor-column elementor-field-group-field_b25586d elementor-col-100 elementor-field-required\">\n\t\t\t\t\t\n\t\t<input type=\"date\" name=\"form_fields[field_b25586d]\" id=\"form-field-field_b25586d\" class=\"elementor-field elementor-size-sm  elementor-field-textual elementor-date-field\" placeholder=\"sz\u00fclet\u00e9si id\u0151\" required=\"required\" pattern=\"[0-9]{4}-[0-9]{2}-[0-9]{2}\">\n\t\t\t\t\t\t<\/div>\n\t\t\t\t\t\t\t\t<div class=\"elementor-field-type-text elementor-field-group elementor-column elementor-field-group-field_9491faa elementor-col-100 elementor-field-required\">\n\t\t\t\t\t\t\t\t\t\t\t\t\t<input size=\"1\" type=\"text\" name=\"form_fields[field_9491faa]\" id=\"form-field-field_9491faa\" class=\"elementor-field elementor-size-sm  elementor-field-textual\" placeholder=\"\u00e1llampolg\u00e1rs\u00e1g\" required=\"required\">\n\t\t\t\t\t\t\t\t\t\t\t<\/div>\n\t\t\t\t\t\t\t\t<div class=\"elementor-field-type-textarea elementor-field-group elementor-column elementor-field-group-field_c6700cf elementor-col-100 elementor-field-required\">\n\t\t\t\t\t\t\t\t\t\t\t\t<label for=\"form-field-field_c6700cf\" class=\"elementor-field-label\">\n\t\t\t\t\t\t\t\t<\/br>Volt\u00e1l-e kor\u00e1bban tagja a R\u00f3zsakeresztes Rend AMORC-nak? Amennyiben igen, k\u00e9rlek add meg kulcssz\u00e1mod \u00e9s el\u00e9rt fokozatod!\t\t\t\t\t\t\t<\/label>\n\t\t\t\t\t\t<textarea class=\"elementor-field-textual elementor-field  elementor-size-sm\" name=\"form_fields[field_c6700cf]\" id=\"form-field-field_c6700cf\" rows=\"3\" required=\"required\"><\/textarea>\t\t\t\t<\/div>\n\t\t\t\t\t\t\t\t<div class=\"elementor-field-type-textarea elementor-field-group elementor-column elementor-field-group-field_9bc44dc elementor-col-100 elementor-field-required\">\n\t\t\t\t\t\t\t\t\t\t\t\t<label for=\"form-field-field_9bc44dc\" class=\"elementor-field-label\">\n\t\t\t\t\t\t\t\t<\/br>Tagja vagy-e m\u00e1s metafizikai, ezoterikus, okkult, misztikus, testv\u00e9ri vagy hasonl\u00f3 csoportnak?\t\t\t\t\t\t\t<\/label>\n\t\t\t\t\t\t<textarea class=\"elementor-field-textual elementor-field  elementor-size-sm\" name=\"form_fields[field_9bc44dc]\" id=\"form-field-field_9bc44dc\" rows=\"3\" required=\"required\"><\/textarea>\t\t\t\t<\/div>\n\t\t\t\t\t\t\t\t<div class=\"elementor-field-type-textarea elementor-field-group elementor-column elementor-field-group-field_ef7a9a5 elementor-col-100 elementor-field-required\">\n\t\t\t\t\t\t\t\t\t\t\t\t<label for=\"form-field-field_ef7a9a5\" class=\"elementor-field-label\">\n\t\t\t\t\t\t\t\t<\/br>Honnan szerezt\u00e9l tudom\u00e1st a R\u00f3zsakeresztes Rend AMORC-r\u00f3l?\t\t\t\t\t\t\t<\/label>\n\t\t\t\t\t\t<textarea class=\"elementor-field-textual elementor-field  elementor-size-sm\" name=\"form_fields[field_ef7a9a5]\" id=\"form-field-field_ef7a9a5\" rows=\"3\" required=\"required\"><\/textarea>\t\t\t\t<\/div>\n\t\t\t\t\t\t\t\t<div class=\"elementor-field-type-textarea elementor-field-group elementor-column elementor-field-group-field_cf0eb66 elementor-col-100 elementor-field-required\">\n\t\t\t\t\t\t\t\t\t\t\t\t<label for=\"form-field-field_cf0eb66\" class=\"elementor-field-label\">\n\t\t\t\t\t\t\t\t<\/br>Meggy\u0151z\u0151d\u00e9sed szerint l\u00e9tezik-e Isten, Teremt\u0151 vagy m\u00e1s n\u00e9ven nevezett Magasabb rend\u0171 L\u00e9ny?\t\t\t\t\t\t\t<\/label>\n\t\t\t\t\t\t<textarea class=\"elementor-field-textual elementor-field  elementor-size-sm\" name=\"form_fields[field_cf0eb66]\" id=\"form-field-field_cf0eb66\" rows=\"3\" required=\"required\"><\/textarea>\t\t\t\t<\/div>\n\t\t\t\t\t\t\t\t<div class=\"elementor-field-type-textarea elementor-field-group elementor-column elementor-field-group-field_5d7008a elementor-col-100 elementor-field-required\">\n\t\t\t\t\t\t\t\t\t\t\t\t<label for=\"form-field-field_5d7008a\" class=\"elementor-field-label\">\n\t\t\t\t\t\t\t\t<\/br>Engedelmeskedsz-e azon orsz\u00e1g t\u00f6rv\u00e9nyeinek, amelyben \u00e9lsz?\t\t\t\t\t\t\t<\/label>\n\t\t\t\t\t\t<textarea class=\"elementor-field-textual elementor-field  elementor-size-sm\" name=\"form_fields[field_5d7008a]\" id=\"form-field-field_5d7008a\" rows=\"3\" required=\"required\"><\/textarea>\t\t\t\t<\/div>\n\t\t\t\t\t\t\t\t<div class=\"elementor-field-type-textarea elementor-field-group elementor-column elementor-field-group-field_18fa77e elementor-col-100 elementor-field-required\">\n\t\t\t\t\t\t\t\t\t\t\t\t<label for=\"form-field-field_18fa77e\" class=\"elementor-field-label\">\n\t\t\t\t\t\t\t\t<\/br>Nyitott vagy-e az \u00f6nmagaddal illetve az univerzum m\u0171k\u00f6d\u00e9s\u00e9vel kapcsolatos \u00faj gondolatok befogad\u00e1s\u00e1ra?\t\t\t\t\t\t\t<\/label>\n\t\t\t\t\t\t<textarea class=\"elementor-field-textual elementor-field  elementor-size-sm\" name=\"form_fields[field_18fa77e]\" id=\"form-field-field_18fa77e\" rows=\"3\" required=\"required\"><\/textarea>\t\t\t\t<\/div>\n\t\t\t\t\t\t\t\t<div class=\"elementor-field-type-textarea elementor-field-group elementor-column elementor-field-group-field_9b04f6b elementor-col-100 elementor-field-required\">\n\t\t\t\t\t\t\t\t\t\t\t\t<label for=\"form-field-field_9b04f6b\" class=\"elementor-field-label\">\n\t\t\t\t\t\t\t\t<\/br>K\u00e9rlek, \u00edrd le, mi\u00e9rt szeretn\u00e9l a R\u00f3zsakeresztes Rend AMORC tagja lenni!\t\t\t\t\t\t\t<\/label>\n\t\t\t\t\t\t<textarea class=\"elementor-field-textual elementor-field  elementor-size-sm\" name=\"form_fields[field_9b04f6b]\" id=\"form-field-field_9b04f6b\" rows=\"6\" required=\"required\"><\/textarea>\t\t\t\t<\/div>\n\t\t\t\t\t\t\t\t<div class=\"elementor-field-type-checkbox elementor-field-group elementor-column elementor-field-group-field_c4e169d elementor-col-100\">\n\t\t\t\t\t<div class=\"elementor-field-subgroup  \"><span class=\"elementor-field-option\"><input type=\"checkbox\" value=\"A fenti k\u00e9rd\u00e9sekre adott v\u00e1laszaidban esetlegesen megfogalmazott k\u00fcl\u00f6nleges adatok megismer\u00e9s\u00e9hez hozz\u00e1j\u00e1rulsz-e a tagfelv\u00e9tel sor\u00e1n?\" id=\"form-field-field_c4e169d-0\" name=\"form_fields[field_c4e169d]\"> <label for=\"form-field-field_c4e169d-0\">A fenti k\u00e9rd\u00e9sekre adott v\u00e1laszaidban esetlegesen megfogalmazott k\u00fcl\u00f6nleges adatok megismer\u00e9s\u00e9hez hozz\u00e1j\u00e1rulsz-e a tagfelv\u00e9tel sor\u00e1n?<\/label><\/span><\/div>\t\t\t\t<\/div>\n\t\t\t\t\t\t\t\t<div class=\"elementor-field-type-checkbox elementor-field-group elementor-column elementor-field-group-field_f8f4c82 elementor-col-100\">\n\t\t\t\t\t<div class=\"elementor-field-subgroup  \"><span class=\"elementor-field-option\"><input type=\"checkbox\" value=\"Az &lt;a href=&quot;https:\/\/amorc.hu\/wp-content\/uploads\/2025\/02\/AMORC-Adatvedelmi_tajekoztato.pdf&quot; target=&quot;_blank&quot;&gt;Adatv\u00e9delmi T\u00e1j\u00e9koztat\u00f3t&lt;\/a&gt; elolvastam \u00e9s elfogadom\" id=\"form-field-field_f8f4c82-0\" name=\"form_fields[field_f8f4c82]\"> <label for=\"form-field-field_f8f4c82-0\">Az <a href=\"https:\/\/amorc.hu\/wp-content\/uploads\/2025\/02\/AMORC-Adatvedelmi_tajekoztato.pdf\" target=\"_blank\">Adatv\u00e9delmi T\u00e1j\u00e9koztat\u00f3t<\/a> elolvastam \u00e9s elfogadom<\/label><\/span><\/div>\t\t\t\t<\/div>\n\t\t\t\t\t\t\t\t<div class=\"elementor-field-type-checkbox elementor-field-group elementor-column elementor-field-group-field_9ce289f elementor-col-100\">\n\t\t\t\t\t<div class=\"elementor-field-subgroup  \"><span class=\"elementor-field-option\"><input type=\"checkbox\" value=\"Hozz\u00e1j\u00e1rulok a szem\u00e9lyes \u00e9s k\u00fcl\u00f6nleges adatok kezel\u00e9s\u00e9hez\" id=\"form-field-field_9ce289f-0\" name=\"form_fields[field_9ce289f]\"> <label for=\"form-field-field_9ce289f-0\">Hozz\u00e1j\u00e1rulok a szem\u00e9lyes \u00e9s k\u00fcl\u00f6nleges adatok kezel\u00e9s\u00e9hez<\/label><\/span><\/div>\t\t\t\t<\/div>\n\t\t\t\t\t\t\t\t<div class=\"elementor-field-type-html elementor-field-group elementor-column elementor-field-group-field_e8f1e93 elementor-col-100\">\n\t\t\t\t\t<\/br><b>K\u00e9rj\u00fck, figyelmesen olvassd el az al\u00e1bbi Nyilatkozatot!<\/b><\/br><\/br>\n \t \nElfogadom a megh\u00edv\u00e1st, \u00e9s szeretn\u00e9k a R\u00f3zsakeresztes Rend AMORC tan\u00edtv\u00e1ny\u00e1v\u00e1 v\u00e1lni. Fejl\u0151d\u00e9sem \u00e9rdek\u00e9ben a Rend \u00e1ltal k\u00fcld\u00f6tt anyagokat gondosan \u00e9s rendszeresen tanulm\u00e1nyozom. A tanulm\u00e1nyi anyagot \u00fagy fogom t\u00e1rolni, hogy ahhoz illet\u00e9ktelenek ne f\u00e9rjenek hozz\u00e1. Tudom\u00e1sul veszem, hogy a monogr\u00e1fi\u00e1k a Rend tulajdon\u00e1t k\u00e9pezik, \u00e9s azokat csak tanul\u00e1si c\u00e9lra kapom k\u00f6lcs\u00f6n. K\u00f6telezem magam, hogy a tags\u00e1gi d\u00edjat el\u0151re fizetem.<\/br><\/br>\n \t \nAmennyiben elfogadod, g\u00e9peld be, hogy ELFOGADOM, majd kattints a JELENTKEZEM gombra!<\/br>\t\t\t\t<\/div>\n\t\t\t\t\t\t\t\t<div class=\"elementor-field-type-text elementor-field-group elementor-column elementor-field-group-field_3e2116c elementor-col-100 elementor-field-required\">\n\t\t\t\t\t\t\t\t\t\t\t\t\t<input size=\"1\" type=\"text\" name=\"form_fields[field_3e2116c]\" id=\"form-field-field_3e2116c\" class=\"elementor-field elementor-size-sm  elementor-field-textual\" required=\"required\">\n\t\t\t\t\t\t\t\t\t\t\t<\/div>\n\t\t\t\t\t\t\t\t<div class=\"elementor-field-group elementor-column elementor-field-type-submit elementor-col-20 e-form__buttons\">\n\t\t\t\t\t<button class=\"elementor-button elementor-size-sm\" type=\"submit\">\n\t\t\t\t\t\t<span class=\"elementor-button-content-wrapper\">\n\t\t\t\t\t\t\t\t\t\t\t\t\t\t\t\t\t\t\t\t\t\t<span class=\"elementor-button-text\">JELENTKEZEM<\/span>\n\t\t\t\t\t\t\t\t\t\t\t\t\t<\/span>\n\t\t\t\t\t<\/button>\n\t\t\t\t<\/div>\n\t\t\t<\/div>\n\t\t<\/form>\n\t\t\t\t\t\t<\/div>\n\t\t\t\t<\/div>\n\t\t\t\t\t<\/div>\n\t\t<\/div>\n\t\t\t\t\t<\/div>\n\t\t<\/section>\n\t\t\t\t<\/div>\n\t\t","protected":false},"excerpt":{"rendered":"<p>Tagfelv\u00e9teli k\u00e9relem K\u00e9rlek olvassd el gondosan az online tagfelv\u00e9teli k\u00e9relem pontjait \u00e9s v\u00e1laszolj a k\u00e9rd\u00e9sekre. Napokon bel\u00fcl v\u00e1laszolni fogunk Neked \u00e9s amennyiben Tagfelv\u00e9telt nyert\u00e9l k\u00e9rj\u00fck, hogy legal\u00e1bb egy negyed\u00e9ves tagd\u00edjat utalj \u00e1t vagy fizess be sz\u00e1mlasz\u00e1munkra, hogy \u00e9rv\u00e9nyes\u00edteni tudjuk a tags\u00e1god! K\u00f6sz\u00f6nj\u00fck!<\/p>\n","protected":false},"author":1,"featured_media":0,"parent":0,"menu_order":0,"comment_status":"closed","ping_status":"closed","template":"","meta":{"footnotes":""},"class_list":["post-1001","page","type-page","status-publish","hentry"],"_links":{"self":[{"href":"https:\/\/amorc.hu\/index.php\/wp-json\/wp\/v2\/pages\/1001","targetHints":{"allow":["GET"]}}],"collection":[{"href":"https:\/\/amorc.hu\/index.php\/wp-json\/wp\/v2\/pages"}],"about":[{"href":"https:\/\/amorc.hu\/index.php\/wp-json\/wp\/v2\/types\/page"}],"author":[{"embeddable":true,"href":"https:\/\/amorc.hu\/index.php\/wp-json\/wp\/v2\/users\/1"}],"replies":[{"embeddable":true,"href":"https:\/\/amorc.hu\/index.php\/wp-json\/wp\/v2\/comments?post=1001"}],"version-history":[{"count":76,"href":"https:\/\/amorc.hu\/index.php\/wp-json\/wp\/v2\/pages\/1001\/revisions"}],"predecessor-version":[{"id":1140,"href":"https:\/\/amorc.hu\/index.php\/wp-json\/wp\/v2\/pages\/1001\/revisions\/1140"}],"wp:attachment":[{"href":"https:\/\/amorc.hu\/index.php\/wp-json\/wp\/v2\/media?parent=1001"}],"curies":[{"name":"wp","href":"https:\/\/api.w.org\/{rel}","templated":true}]}}