{"id":57,"date":"2022-06-08T11:55:24","date_gmt":"2022-06-08T11:55:24","guid":{"rendered":"https:\/\/amorc.hu\/?page_id=57"},"modified":"2025-02-05T21:27:29","modified_gmt":"2025-02-05T21:27:29","slug":"amorc","status":"publish","type":"page","link":"https:\/\/amorc.hu\/index.php\/amorc\/","title":{"rendered":"A R\u00f3zsakeresztes \u00f6sv\u00e9nyr\u0151l"},"content":{"rendered":"\t\t<div data-elementor-type=\"wp-page\" data-elementor-id=\"57\" class=\"elementor elementor-57\" data-elementor-post-type=\"page\">\n\t\t\t\t\t\t<section class=\"elementor-section elementor-top-section elementor-element elementor-element-a6d99f6 elementor-section-full_width elementor-section-height-min-height elementor-section-height-default elementor-section-items-middle\" data-id=\"a6d99f6\" data-element_type=\"section\" data-e-type=\"section\" data-settings=\"{&quot;background_background&quot;:&quot;classic&quot;,&quot;shape_divider_bottom&quot;:&quot;wave-brush&quot;}\">\n\t\t\t\t\t<div class=\"elementor-shape elementor-shape-bottom\" aria-hidden=\"true\" data-negative=\"false\">\n\t\t\t<svg xmlns=\"http:\/\/www.w3.org\/2000\/svg\" viewBox=\"0 0 283.5 27.8\" preserveAspectRatio=\"none\">\n\t<path class=\"elementor-shape-fill\" d=\"M283.5,9.7c0,0-7.3,4.3-14,4.6c-6.8,0.3-12.6,0-20.9-1.5c-11.3-2-33.1-10.1-44.7-5.7\ts-12.1,4.6-18,7.4c-6.6,3.2-20,9.6-36.6,9.3C131.6,23.5,99.5,7.2,86.3,8c-1.4,0.1-6.6,0.8-10.5,2c-3.8,1.2-9.4,3.8-17,4.7\tc-3.2,0.4-8.3,1.1-14.2,0.9c-1.5-0.1-6.3-0.4-12-1.6c-5.7-1.2-11-3.1-15.8-3.7C6.5,9.2,0,10.8,0,10.8V0h283.5V9.7z M260.8,11.3\tc-0.7-1-2-0.4-4.3-0.4c-2.3,0-6.1-1.2-5.8-1.1c0.3,0.1,3.1,1.5,6,1.9C259.7,12.2,261.4,12.3,260.8,11.3z M242.4,8.6\tc0,0-2.4-0.2-5.6-0.9c-3.2-0.8-10.3-2.8-15.1-3.5c-8.2-1.1-15.8,0-15.1,0.1c0.8,0.1,9.6-0.6,17.6,1.1c3.3,0.7,9.3,2.2,12.4,2.7\tC239.9,8.7,242.4,8.6,242.4,8.6z M185.2,8.5c1.7-0.7-13.3,4.7-18.5,6.1c-2.1,0.6-6.2,1.6-10,2c-3.9,0.4-8.9,0.4-8.8,0.5\tc0,0.2,5.8,0.8,11.2,0c5.4-0.8,5.2-1.1,7.6-1.6C170.5,14.7,183.5,9.2,185.2,8.5z M199.1,6.9c0.2,0-0.8-0.4-4.8,1.1\tc-4,1.5-6.7,3.5-6.9,3.7c-0.2,0.1,3.5-1.8,6.6-3C197,7.5,199,6.9,199.1,6.9z M283,6c-0.1,0.1-1.9,1.1-4.8,2.5s-6.9,2.8-6.7,2.7\tc0.2,0,3.5-0.6,7.4-2.5C282.8,6.8,283.1,5.9,283,6z M31.3,11.6c0.1-0.2-1.9-0.2-4.5-1.2s-5.4-1.6-7.8-2C15,7.6,7.3,8.5,7.7,8.6\tC8,8.7,15.9,8.3,20.2,9.3c2.2,0.5,2.4,0.5,5.7,1.6S31.2,11.9,31.3,11.6z M73,9.2c0.4-0.1,3.5-1.6,8.4-2.6c4.9-1.1,8.9-0.5,8.9-0.8\tc0-0.3-1-0.9-6.2-0.3S72.6,9.3,73,9.2z M71.6,6.7C71.8,6.8,75,5.4,77.3,5c2.3-0.3,1.9-0.5,1.9-0.6c0-0.1-1.1-0.2-2.7,0.2\tC74.8,5.1,71.4,6.6,71.6,6.7z M93.6,4.4c0.1,0.2,3.5,0.8,5.6,1.8c2.1,1,1.8,0.6,1.9,0.5c0.1-0.1-0.8-0.8-2.4-1.3\tC97.1,4.8,93.5,4.2,93.6,4.4z M65.4,11.1c-0.1,0.3,0.3,0.5,1.9-0.2s2.6-1.3,2.2-1.2s-0.9,0.4-2.5,0.8C65.3,10.9,65.5,10.8,65.4,11.1\tz M34.5,12.4c-0.2,0,2.1,0.8,3.3,0.9c1.2,0.1,2,0.1,2-0.2c0-0.3-0.1-0.5-1.6-0.4C36.6,12.8,34.7,12.4,34.5,12.4z M152.2,21.1\tc-0.1,0.1-2.4-0.3-7.5-0.3c-5,0-13.6-2.4-17.2-3.5c-3.6-1.1,10,3.9,16.5,4.1C150.5,21.6,152.3,21,152.2,21.1z\"\/>\n\t<path class=\"elementor-shape-fill\" d=\"M269.6,18c-0.1-0.1-4.6,0.3-7.2,0c-7.3-0.7-17-3.2-16.6-2.9c0.4,0.3,13.7,3.1,17,3.3\tC267.7,18.8,269.7,18,269.6,18z\"\/>\n\t<path class=\"elementor-shape-fill\" d=\"M227.4,9.8c-0.2-0.1-4.5-1-9.5-1.2c-5-0.2-12.7,0.6-12.3,0.5c0.3-0.1,5.9-1.8,13.3-1.2\tS227.6,9.9,227.4,9.8z\"\/>\n\t<path class=\"elementor-shape-fill\" d=\"M204.5,13.4c-0.1-0.1,2-1,3.2-1.1c1.2-0.1,2,0,2,0.3c0,0.3-0.1,0.5-1.6,0.4\tC206.4,12.9,204.6,13.5,204.5,13.4z\"\/>\n\t<path class=\"elementor-shape-fill\" d=\"M201,10.6c0-0.1-4.4,1.2-6.3,2.2c-1.9,0.9-6.2,3.1-6.1,3.1c0.1,0.1,4.2-1.6,6.3-2.6\tS201,10.7,201,10.6z\"\/>\n\t<path class=\"elementor-shape-fill\" d=\"M154.5,26.7c-0.1-0.1-4.6,0.3-7.2,0c-7.3-0.7-17-3.2-16.6-2.9c0.4,0.3,13.7,3.1,17,3.3\tC152.6,27.5,154.6,26.8,154.5,26.7z\"\/>\n\t<path class=\"elementor-shape-fill\" d=\"M41.9,19.3c0,0,1.2-0.3,2.9-0.1c1.7,0.2,5.8,0.9,8.2,0.7c4.2-0.4,7.4-2.7,7-2.6\tc-0.4,0-4.3,2.2-8.6,1.9c-1.8-0.1-5.1-0.5-6.7-0.4S41.9,19.3,41.9,19.3z\"\/>\n\t<path class=\"elementor-shape-fill\" d=\"M75.5,12.6c0.2,0.1,2-0.8,4.3-1.1c2.3-0.2,2.1-0.3,2.1-0.5c0-0.1-1.8-0.4-3.4,0\tC76.9,11.5,75.3,12.5,75.5,12.6z\"\/>\n\t<path class=\"elementor-shape-fill\" d=\"M15.6,13.2c0-0.1,4.3,0,6.7,0.5c2.4,0.5,5,1.9,5,2c0,0.1-2.7-0.8-5.1-1.4\tC19.9,13.7,15.7,13.3,15.6,13.2z\"\/>\n<\/svg>\t\t<\/div>\n\t\t\t\t\t<div class=\"elementor-container elementor-column-gap-default\">\n\t\t\t\t\t<div class=\"elementor-column elementor-col-100 elementor-top-column elementor-element elementor-element-e6a8f26\" data-id=\"e6a8f26\" data-element_type=\"column\" data-e-type=\"column\" data-settings=\"{&quot;background_background&quot;:&quot;classic&quot;}\">\n\t\t\t<div class=\"elementor-widget-wrap elementor-element-populated\">\n\t\t\t\t\t\t<div class=\"elementor-element elementor-element-d885253 elementor-widget elementor-widget-text-editor\" data-id=\"d885253\" data-element_type=\"widget\" data-e-type=\"widget\" data-widget_type=\"text-editor.default\">\n\t\t\t\t<div class=\"elementor-widget-container\">\n\t\t\t\t\t\t\t\t\t<p>Mi is tulajdonk\u00e9ppen a R\u00f3zsakeresztes \u00f6sv\u00e9ny?<\/p>\t\t\t\t\t\t\t\t<\/div>\n\t\t\t\t<\/div>\n\t\t\t\t\t<\/div>\n\t\t<\/div>\n\t\t\t\t\t<\/div>\n\t\t<\/section>\n\t\t\t\t<section class=\"elementor-section elementor-top-section elementor-element elementor-element-1b83cec elementor-section-boxed elementor-section-height-default elementor-section-height-default\" data-id=\"1b83cec\" data-element_type=\"section\" data-e-type=\"section\" data-settings=\"{&quot;background_background&quot;:&quot;classic&quot;,&quot;shape_divider_bottom&quot;:&quot;wave-brush&quot;}\">\n\t\t\t\t\t<div class=\"elementor-shape elementor-shape-bottom\" aria-hidden=\"true\" data-negative=\"false\">\n\t\t\t<svg xmlns=\"http:\/\/www.w3.org\/2000\/svg\" viewBox=\"0 0 283.5 27.8\" preserveAspectRatio=\"none\">\n\t<path class=\"elementor-shape-fill\" d=\"M283.5,9.7c0,0-7.3,4.3-14,4.6c-6.8,0.3-12.6,0-20.9-1.5c-11.3-2-33.1-10.1-44.7-5.7\ts-12.1,4.6-18,7.4c-6.6,3.2-20,9.6-36.6,9.3C131.6,23.5,99.5,7.2,86.3,8c-1.4,0.1-6.6,0.8-10.5,2c-3.8,1.2-9.4,3.8-17,4.7\tc-3.2,0.4-8.3,1.1-14.2,0.9c-1.5-0.1-6.3-0.4-12-1.6c-5.7-1.2-11-3.1-15.8-3.7C6.5,9.2,0,10.8,0,10.8V0h283.5V9.7z M260.8,11.3\tc-0.7-1-2-0.4-4.3-0.4c-2.3,0-6.1-1.2-5.8-1.1c0.3,0.1,3.1,1.5,6,1.9C259.7,12.2,261.4,12.3,260.8,11.3z M242.4,8.6\tc0,0-2.4-0.2-5.6-0.9c-3.2-0.8-10.3-2.8-15.1-3.5c-8.2-1.1-15.8,0-15.1,0.1c0.8,0.1,9.6-0.6,17.6,1.1c3.3,0.7,9.3,2.2,12.4,2.7\tC239.9,8.7,242.4,8.6,242.4,8.6z M185.2,8.5c1.7-0.7-13.3,4.7-18.5,6.1c-2.1,0.6-6.2,1.6-10,2c-3.9,0.4-8.9,0.4-8.8,0.5\tc0,0.2,5.8,0.8,11.2,0c5.4-0.8,5.2-1.1,7.6-1.6C170.5,14.7,183.5,9.2,185.2,8.5z M199.1,6.9c0.2,0-0.8-0.4-4.8,1.1\tc-4,1.5-6.7,3.5-6.9,3.7c-0.2,0.1,3.5-1.8,6.6-3C197,7.5,199,6.9,199.1,6.9z M283,6c-0.1,0.1-1.9,1.1-4.8,2.5s-6.9,2.8-6.7,2.7\tc0.2,0,3.5-0.6,7.4-2.5C282.8,6.8,283.1,5.9,283,6z M31.3,11.6c0.1-0.2-1.9-0.2-4.5-1.2s-5.4-1.6-7.8-2C15,7.6,7.3,8.5,7.7,8.6\tC8,8.7,15.9,8.3,20.2,9.3c2.2,0.5,2.4,0.5,5.7,1.6S31.2,11.9,31.3,11.6z M73,9.2c0.4-0.1,3.5-1.6,8.4-2.6c4.9-1.1,8.9-0.5,8.9-0.8\tc0-0.3-1-0.9-6.2-0.3S72.6,9.3,73,9.2z M71.6,6.7C71.8,6.8,75,5.4,77.3,5c2.3-0.3,1.9-0.5,1.9-0.6c0-0.1-1.1-0.2-2.7,0.2\tC74.8,5.1,71.4,6.6,71.6,6.7z M93.6,4.4c0.1,0.2,3.5,0.8,5.6,1.8c2.1,1,1.8,0.6,1.9,0.5c0.1-0.1-0.8-0.8-2.4-1.3\tC97.1,4.8,93.5,4.2,93.6,4.4z M65.4,11.1c-0.1,0.3,0.3,0.5,1.9-0.2s2.6-1.3,2.2-1.2s-0.9,0.4-2.5,0.8C65.3,10.9,65.5,10.8,65.4,11.1\tz M34.5,12.4c-0.2,0,2.1,0.8,3.3,0.9c1.2,0.1,2,0.1,2-0.2c0-0.3-0.1-0.5-1.6-0.4C36.6,12.8,34.7,12.4,34.5,12.4z M152.2,21.1\tc-0.1,0.1-2.4-0.3-7.5-0.3c-5,0-13.6-2.4-17.2-3.5c-3.6-1.1,10,3.9,16.5,4.1C150.5,21.6,152.3,21,152.2,21.1z\"\/>\n\t<path class=\"elementor-shape-fill\" d=\"M269.6,18c-0.1-0.1-4.6,0.3-7.2,0c-7.3-0.7-17-3.2-16.6-2.9c0.4,0.3,13.7,3.1,17,3.3\tC267.7,18.8,269.7,18,269.6,18z\"\/>\n\t<path class=\"elementor-shape-fill\" d=\"M227.4,9.8c-0.2-0.1-4.5-1-9.5-1.2c-5-0.2-12.7,0.6-12.3,0.5c0.3-0.1,5.9-1.8,13.3-1.2\tS227.6,9.9,227.4,9.8z\"\/>\n\t<path class=\"elementor-shape-fill\" d=\"M204.5,13.4c-0.1-0.1,2-1,3.2-1.1c1.2-0.1,2,0,2,0.3c0,0.3-0.1,0.5-1.6,0.4\tC206.4,12.9,204.6,13.5,204.5,13.4z\"\/>\n\t<path class=\"elementor-shape-fill\" d=\"M201,10.6c0-0.1-4.4,1.2-6.3,2.2c-1.9,0.9-6.2,3.1-6.1,3.1c0.1,0.1,4.2-1.6,6.3-2.6\tS201,10.7,201,10.6z\"\/>\n\t<path class=\"elementor-shape-fill\" d=\"M154.5,26.7c-0.1-0.1-4.6,0.3-7.2,0c-7.3-0.7-17-3.2-16.6-2.9c0.4,0.3,13.7,3.1,17,3.3\tC152.6,27.5,154.6,26.8,154.5,26.7z\"\/>\n\t<path class=\"elementor-shape-fill\" d=\"M41.9,19.3c0,0,1.2-0.3,2.9-0.1c1.7,0.2,5.8,0.9,8.2,0.7c4.2-0.4,7.4-2.7,7-2.6\tc-0.4,0-4.3,2.2-8.6,1.9c-1.8-0.1-5.1-0.5-6.7-0.4S41.9,19.3,41.9,19.3z\"\/>\n\t<path class=\"elementor-shape-fill\" d=\"M75.5,12.6c0.2,0.1,2-0.8,4.3-1.1c2.3-0.2,2.1-0.3,2.1-0.5c0-0.1-1.8-0.4-3.4,0\tC76.9,11.5,75.3,12.5,75.5,12.6z\"\/>\n\t<path class=\"elementor-shape-fill\" d=\"M15.6,13.2c0-0.1,4.3,0,6.7,0.5c2.4,0.5,5,1.9,5,2c0,0.1-2.7-0.8-5.1-1.4\tC19.9,13.7,15.7,13.3,15.6,13.2z\"\/>\n<\/svg>\t\t<\/div>\n\t\t\t\t\t<div class=\"elementor-container elementor-column-gap-default\">\n\t\t\t\t\t<div class=\"elementor-column elementor-col-100 elementor-top-column elementor-element elementor-element-4cc422e\" data-id=\"4cc422e\" data-element_type=\"column\" data-e-type=\"column\">\n\t\t\t<div class=\"elementor-widget-wrap elementor-element-populated\">\n\t\t\t\t\t\t<section class=\"elementor-section elementor-inner-section elementor-element elementor-element-25660ae elementor-section-content-top elementor-section-boxed elementor-section-height-default elementor-section-height-default\" data-id=\"25660ae\" data-element_type=\"section\" data-e-type=\"section\">\n\t\t\t\t\t\t<div class=\"elementor-container elementor-column-gap-default\">\n\t\t\t\t\t<div class=\"elementor-column elementor-col-66 elementor-inner-column elementor-element elementor-element-211f229\" data-id=\"211f229\" data-element_type=\"column\" data-e-type=\"column\">\n\t\t\t<div class=\"elementor-widget-wrap elementor-element-populated\">\n\t\t\t\t\t\t<div class=\"elementor-element elementor-element-aef7ad5 elementor-invisible elementor-widget elementor-widget-text-editor\" data-id=\"aef7ad5\" data-element_type=\"widget\" data-e-type=\"widget\" data-settings=\"{&quot;_animation&quot;:&quot;fadeInUp&quot;}\" data-widget_type=\"text-editor.default\">\n\t\t\t\t<div class=\"elementor-widget-container\">\n\t\t\t\t\t\t\t\t\t<p>\u201cA tudom\u00e1ny \u00e1tadhat\u00f3, a val\u00f3di tud\u00e1st azonban szorgalommal sohasem \u00e9rhetj\u00fck el, csak olyan teljess\u00e9ggel szem\u00e9lyes, individu\u00e1lis megismer\u00e9si aktussal, amely metafizikus term\u00e9szet\u0171, s amely nagyvonal\u00faan nem vesz tudom\u00e1st a t\u00f6megek azon k\u00f6vetel\u00e9s\u00e9r\u0151l, hogy \u201ea tud\u00e1s legyen mindenki\u00e9\u201d. A val\u00f3di tud\u00e1s mindig saj\u00e1t tapasztalatunk eredm\u00e9nye, sem \u00e1tvenni, sem tov\u00e1bbadni nem lehet. Amit m\u00e1sokt\u00f3l veszek \u00e1t, azt csak hihetem, de sohasem tudhatom. Az sem sz\u00e1m\u00edt, j\u00f3 okom van-e arra, hogy valamiben higgyek vagy sem. Hinni annyi, mint nem tudni. Ezen a val\u00f3sz\u00edn\u0171s\u00e9g-sz\u00e1m\u00edt\u00e1sok sem v\u00e1ltoztathatnak. A hit alapvet\u0151en azt jelenti, hogy lehets\u00e9gesnek tartunk valamit; m\u00e1rpedig azt, amit nem tartunk lehets\u00e9gesnek, nem tapasztalhatjuk meg. A hit \u00e9s a tud\u00e1s k\u00e9t k\u00fcl\u00f6nb\u00f6z\u0151 fokozat, amelyek k\u00f6lcs\u00f6n\u00f6sen felt\u00e9telezik egym\u00e1st, mindkett\u0151nek megvan a maga jogosults\u00e1ga, de nem szabad \u00f6sszekeverni \u0151ket egym\u00e1ssal.<\/p>\t\t\t\t\t\t\t\t<\/div>\n\t\t\t\t<\/div>\n\t\t\t\t\t<\/div>\n\t\t<\/div>\n\t\t\t\t<div class=\"elementor-column elementor-col-33 elementor-inner-column elementor-element elementor-element-8948020\" data-id=\"8948020\" data-element_type=\"column\" data-e-type=\"column\">\n\t\t\t<div class=\"elementor-widget-wrap elementor-element-populated\">\n\t\t\t\t\t\t<div class=\"elementor-element elementor-element-6e9e589 elementor-widget elementor-widget-image\" data-id=\"6e9e589\" data-element_type=\"widget\" data-e-type=\"widget\" data-widget_type=\"image.default\">\n\t\t\t\t<div class=\"elementor-widget-container\">\n\t\t\t\t\t\t\t\t\t\t\t\t\t\t\t<img fetchpriority=\"high\" decoding=\"async\" width=\"799\" height=\"540\" src=\"https:\/\/amorc.hu\/wp-content\/uploads\/2022\/06\/home_2.jpg\" class=\"attachment-full size-full wp-image-276\" alt=\"\" srcset=\"https:\/\/amorc.hu\/wp-content\/uploads\/2022\/06\/home_2.jpg 799w, https:\/\/amorc.hu\/wp-content\/uploads\/2022\/06\/home_2-300x203.jpg 300w, https:\/\/amorc.hu\/wp-content\/uploads\/2022\/06\/home_2-768x519.jpg 768w\" sizes=\"(max-width: 799px) 100vw, 799px\" \/>\t\t\t\t\t\t\t\t\t\t\t\t\t\t\t<\/div>\n\t\t\t\t<\/div>\n\t\t\t\t\t<\/div>\n\t\t<\/div>\n\t\t\t\t\t<\/div>\n\t\t<\/section>\n\t\t\t\t\t<\/div>\n\t\t<\/div>\n\t\t\t\t\t<\/div>\n\t\t<\/section>\n\t\t\t\t<section class=\"elementor-section elementor-top-section elementor-element elementor-element-f8b6d03 elementor-section-boxed elementor-section-height-default elementor-section-height-default\" data-id=\"f8b6d03\" data-element_type=\"section\" data-e-type=\"section\">\n\t\t\t\t\t\t<div class=\"elementor-container elementor-column-gap-default\">\n\t\t\t\t\t<div class=\"elementor-column elementor-col-100 elementor-top-column elementor-element elementor-element-19ba9f5\" data-id=\"19ba9f5\" data-element_type=\"column\" data-e-type=\"column\">\n\t\t\t<div class=\"elementor-widget-wrap elementor-element-populated\">\n\t\t\t\t\t\t<div class=\"elementor-element elementor-element-0a3f178 elementor-widget elementor-widget-text-editor\" data-id=\"0a3f178\" data-element_type=\"widget\" data-e-type=\"widget\" data-settings=\"{&quot;_animation&quot;:&quot;none&quot;}\" data-widget_type=\"text-editor.default\">\n\t\t\t\t<div class=\"elementor-widget-container\">\n\t\t\t\t\t\t\t\t\t<p>Mik\u00e9nt a tud\u00e1s mindig az egyes ember\u00e9 volt, az ezot\u00e9ria is csak a kevesek\u00e9. Ezek a kevesek \u2013 akik a megismer\u00e9s keskeny \u00f6sv\u00e9ny\u00e9t j\u00e1rt\u00e1k, hogy tud\u00f3v\u00e1 v\u00e1ljanak \u2013 alkotj\u00e1k az ezoterikusok k\u00f6r\u00e9t, az \u00fagynevezett \u201ebels\u0151 k\u00f6rt\u201d (esoteros g\u00f6r\u00f6g\u00fcl annyit jelent: bels\u0151). Ezt a kicsiny bels\u0151 k\u00f6rt a l\u00e9nyegesen nagyobb exoterikusok k\u00f6re veszi k\u00f6r\u00fcl, a k\u00fcls\u0151 k\u00f6r (exoteros g\u00f6r\u00f6g\u00fcl annyit jelent: k\u00fcls\u0151)\u2026 Ebb\u0151l a tud\u00e1sb\u00f3l az k\u00f6vetkezik, hogy az ezoterikus k\u00f6r sosem akarja megh\u00f3d\u00edtani a vil\u00e1got\u2026<br><br>Az ezoterikus titoktart\u00e1snak semmi k\u00f6ze a titokzatoskod\u00e1shoz, ez a titoktart\u00e1s a dolog term\u00e9szet\u00e9b\u0151l k\u00e9nyszer\u0171en ad\u00f3dik. Az ezoterikus tanok minden tov\u00e1bbi k\u00fcls\u0151 tev\u00e9kenys\u00e9g n\u00e9lk\u00fcl is titkosak. Egy ember csak akkor ismerhet fel \u00e9s tehet a maga sz\u00e1m\u00e1ra hasznoss\u00e1 valamilyen tud\u00e1st, ha tudat\u00e1llapota megfelel e tud\u00e1s szintj\u00e9nek. Egy, a fizik\u00e1ban k\u00e9pzetlen ember nem ismerheti fel egy fizikai t\u00f6rv\u00e9ny jelent\u0151s\u00e9g\u00e9t, teh\u00e1t sz\u00e1m\u00e1ra az akkor is semmitmond\u00f3, ha egy\u00e9bk\u00e9nt korszakalkot\u00f3 jelent\u0151s\u00e9g\u0171. A t\u00f6rv\u00e9ny a fizik\u00e1ba be nem avatottak el\u0151tt titok marad. Ez\u00e9rt el sem kell rejteni. A t\u00f6rv\u00e9nyek felismer\u00e9se csak azt viheti el\u0151re, aki magas fokon mag\u00e1\u00e9v\u00e1 tette a fizika tudom\u00e1ny\u00e1t.<br><br>Ugyan\u00edgy van ez az ezoterikus tud\u00e1ssal, vagy ahogyan nevezik, a titkos tanokkal is. Az ezoterikus tud\u00e1s rejtjelezett form\u00e1j\u00e1ban mindenki sz\u00e1m\u00e1ra hozz\u00e1f\u00e9rhet\u0151, a tudatlan m\u00e9gsem mer\u00edthet bel\u0151le. A t\u00f6megek nem ismerik a szimb\u00f3lumok \u00e9rt\u00e9k\u00e9t, haszontalannak \u00e9s \u00e9rtelmetlennek tartj\u00e1k \u0151ket. El\u0151sz\u00f6r meg kell tanulnunk haszn\u00e1lni a szem\u00fcnket ahhoz, hogy k\u00e9pesek legy\u00fcnk l\u00e1tni. (\u201e\u00c9s a vil\u00e1goss\u00e1g a s\u00f6t\u00e9ts\u00e9gben f\u00e9nylik, de a s\u00f6t\u00e9ts\u00e9g nem fogadta be azt.\u201d J\u00e1nos ev. 1, 5.)<br><br>Ha nem tudok kott\u00e1t olvasni, ez nem jogos\u00edt fel arra, hogy azt k\u00f6veteljem a zeneszerz\u0151t\u0151l, haszn\u00e1ljon m\u0171ve le\u00edr\u00e1s\u00e1ra bet\u0171ket vagy sz\u00e1mokat, mert azokat ismerem. Ilyenkor el kell d\u00f6ntenem, hogy vagy veszem a f\u00e1rads\u00e1got, \u00e9s megtanulok kott\u00e1t olvasni, vagy pedig \u00f6r\u00f6kre lemondok a zene m\u00e9lyebb meg\u00e9rt\u00e9s\u00e9r\u0151l. Ugyan\u00edgy van ez az ezoteri\u00e1val is. A tud\u00f3knak nem az a feladatuk, hogy a tudatlanok meg\u00e9rt\u0151k\u00e9pess\u00e9g\u00e9hez igazodjanak, hanem az, hogy k\u00e9szek legyenek seg\u00edts\u00e9get ny\u00fajtani azoknak, akik k\u00e9rik ezt a seg\u00edts\u00e9get. \u201eK\u00e9rjetek \u00e9s adatik n\u00e9ktek; keressetek \u00e9s tal\u00e1ltok; z\u00f6rgessetek \u00e9s megnyittatik n\u00e9ktek.\u201d (M\u00e1t\u00e9 ev. 7, 7.) Im\u00e9nti hasonlatainkkal azt k\u00edv\u00e1ntuk bemutatni, hogy az ezot\u00e9ria nem olyanfajta tud\u00e1s, mint az, amelyet szorgalommal elsaj\u00e1t\u00edthatunk. Az ezot\u00e9ria nem valamif\u00e9le gy\u0171jt\u0151fogalma d\u00e1tumoknak, t\u00e9nyeknek vagy t\u00f6rv\u00e9nyeknek, amelyeket csak meg kell tanulnunk ahhoz, hogy tudjunk.<br><br>Az ezot\u00e9ria \u00fat, m\u00e9g ink\u00e1bb \u00f6sv\u00e9ny. Minden \u00fat valamilyen c\u00e9lhoz vezet\u2026 Az ezot\u00e9ria olyan c\u00e9lhoz vezet, amelyet csak akkor \u00e9rhet\u00fcnk el, ha \u00fatra kel\u00fcnk. Ezt t\u00e9vesztik szem el\u0151l azok az embert\u00e1rsaink, akik, b\u00e1r teli torokb\u00f3l hirdetik, hogy az ezoterikus vil\u00e1gk\u00e9p mellett \u00e1llnak, de m\u00e9g f\u00e9l l\u00e1bbal sem l\u00e9ptek r\u00e1 az ezot\u00e9ria \u00fatj\u00e1ra. Ezen az \u00faton j\u00e1rni azt jelenti, hogy felismer\u00e9seinket, m\u00e9g a legkisebbet is, azonnal \u00e1t kell helyezn\u00fcnk a val\u00f3s\u00e1gba. Saj\u00e1t \u00e9let\u00fcnket, a dolgok \u00e1t\u00e9l\u00e9s\u00e9t, magatart\u00e1sunkat folyamatosan v\u00e1ltoztatjuk, \u00edgy magunk is v\u00e1ltozunk, meg\u00fajulunk. R\u00f6viden: az ezot\u00e9ria maga a fejl\u0151d\u00e9s. Felismer\u00e9seinket teh\u00e1t sz\u00fcks\u00e9gk\u00e9ppen \u00e1t kell \u00fcltetn\u00fcnk a val\u00f3s\u00e1gba; ez azt jelenti, hogy az ezoterikus tanok k\u00f6teleznek. A funkcion\u00e1lis tudom\u00e1nyok nem k\u00f6telezik semmire m\u0171vel\u0151iket. Egy vegy\u00e9sz manaps\u00e1g szenz\u00e1ci\u00f3s felfedez\u00e9st tehet, ugyanakkor nyugodtan verheti a feles\u00e9g\u00e9t, pereskedhet a b\u00e1tyj\u00e1val, szidhatja a t\u00e1rsadalmat \u00e9s \u00edgy tov\u00e1bb. K\u00e9miai felfedez\u00e9se nem \u00e9rinti \u00e9let\u00e9t \u00e9s magatart\u00e1s\u00e1t. Teljesen m\u00e1sk\u00e9nt van ez a legcsek\u00e9lyebb ezoterikus \u201efelfedez\u00e9s\u201d eset\u00e9n. Ennek k\u00f6zvetlen hat\u00e1sa van a l\u00e9t minden ter\u00fclet\u00e9re, ez sz\u00fcks\u00e9gk\u00e9ppen megv\u00e1ltoztatja a vil\u00e1ghoz val\u00f3 viszonyunkat, egyes szok\u00e1sainkat azonnal hat\u00e1lytalan\u00edtja\u2026<br><br>Az exoterikus k\u00fclvil\u00e1g az\u00e9rt harcol olyan szenved\u00e9lyesen az ezoterikus igazs\u00e1gok \u00e1tsziv\u00e1rg\u00e1sa ellen, mert tudat alatt pontosan \u00e9rzi, hogy az ezoterikus \u00fat k\u00f6telez.<br><br>Ennek az \u00fatnak a c\u00e9lja az emberi teljess\u00e9g, a b\u00f6lcsess\u00e9g megtal\u00e1l\u00e1sa, a polarit\u00e1s legy\u0151z\u00e9se, az Istennel val\u00f3 egyes\u00fcl\u00e9s; az Unio Mystica, a k\u00e9miai menyegz\u0151, a kozmikus tudat el\u00e9r\u00e9se. Ezek a fogalmak az emberi \u00fat v\u00e9gc\u00e9lj\u00e1t pr\u00f3b\u00e1lj\u00e1k k\u00f6r\u00fcl\u00edrni. Meglehet, ezek a kifejez\u00e9sek most m\u00e9g fr\u00e1zisnak hatnak, de rem\u00e9lem, a k\u00f6vetkez\u0151kben egyre t\u00f6bb tartalommal telnek majd meg. Ahhoz, hogy ezt a c\u00e9lt el\u00e9rj\u00fck, meg kell ismern\u00fcnk az univerzum t\u00f6rv\u00e9nyeit, s meg kell tanulnunk, hogyan \u00e9rts\u00fck meg \u0151ket. Gyarapod\u00f3 felismer\u00e9seink nyom\u00e1n meg kell v\u00e1ltoznunk, tudatosabb\u00e1 kell v\u00e1lnunk, hogy val\u00f3di feladatunkat \u00e9s c\u00e9lunkat vil\u00e1gosabban meg\u00e9rts\u00fck. Igen hasznos, ha egy ilyen \u00faton vannak t\u00e1j\u00e9koz\u00f3d\u00e1si pontok, \u00fatmutat\u00f3k \u00e9s \u00fatjelz\u0151 t\u00e1bl\u00e1k, amelyek az egyes keresztez\u0151d\u00e9sekben felvil\u00e1gos\u00edtanak, eligaz\u00edtanak benn\u00fcnket, hogy merre is menj\u00fcnk tov\u00e1bb. Ilyen seg\u00e9deszk\u00f6z\u00f6k az ezoterikus technik\u00e1k \u00e9s diszcipl\u00edn\u00e1k, sok van mindkett\u0151b\u0151l. Ezek a diszcipl\u00edn\u00e1k azonban semmik\u00e9ppen sem \u00f6nc\u00e9l\u00faak, hanem a t\u00e1j\u00e9koz\u00f3d\u00e1sban seg\u00edtenek, \u00fatmutat\u00f3k utunkon. Gyakran es\u00fcnk abba a hib\u00e1ba, hogy leragadunk egy \u00fatjelz\u0151n\u00e9l, ahelyett, hogy utunkat k\u00f6vetn\u00e9nk. Ezt teszik azok, akik csak az asztrol\u00f3gi\u00e1ra, vagy csak az ing\u00e1ra esk\u00fcsznek. Van egy sereg olyan specialista, aki azt k\u00e9pzeli, hogy saj\u00e1t ter\u00fclet\u00e9n m\u00e1r meg is tal\u00e1lta a kulcsot a vil\u00e1g probl\u00e9m\u00e1inak megold\u00e1s\u00e1hoz. Ezek az emberek, sajnos, megrekednek kedvenc \u00fatmutat\u00f3jukn\u00e1l, \u00e9s \u00edgy saj\u00e1t magukat akad\u00e1lyozz\u00e1k abban, hogy az \u00faton tov\u00e1bbhaladjanak. Pedig az ezoterikus diszcipl\u00edn\u00e1k feladata \u00e9ppen az, hogy a r\u00e9gi r\u00f6gz\u0151d\u00e9sekt\u0151l megszabad\u00edtsanak: csak hogy \u00e9ppen \u0151k igen gyakran v\u00e1lasztott \u00fatmutat\u00f3jukhoz tapadnak. Azt hiszik teh\u00e1t, hogy tov\u00e1bbjutottak, s nem veszik \u00e9szre, hogy csak a r\u00f6gz\u0151d\u00e9s t\u00e1rgya v\u00e1ltozott meg.<br><br>Ehely\u00fctt sz\u00f3ljunk m\u00e9g az ezot\u00e9ria keleti \u00e9s nyugati technik\u00e1ir\u00f3l. Minden ezoterikus fejl\u0151d\u00e9s v\u00e9gpontja az igazs\u00e1g megismer\u00e9se. Igazs\u00e1g csak egy van. Ennek az igazs\u00e1gnak az el\u00e9r\u00e9s\u00e9t a k\u00fcl\u00f6nb\u00f6z\u0151 korokban \u00e9s kult\u00far\u00e1kban k\u00fcl\u00f6nb\u00f6z\u0151 m\u00f3dszerek szolg\u00e1lt\u00e1k. Ezek \u2013 seg\u00e9deszk\u00f6zk\u00e9nt \u2013 egyform\u00e1n j\u00f3k \u00e9s haszn\u00e1lhat\u00f3k. Ennek ellen\u00e9re azt kell mondanunk: mindenki saj\u00e1t kult\u00far\u00e1ja rendszereihez \u00e9s szimb\u00f3lumaihoz \u00e1ll a legk\u00f6zelebb. Egy nyugati ember sz\u00e1m\u00e1ra sokkal nehezebb s rendszerint j\u00f3val tov\u00e1bb is tart a Kelet \u00fatmutat\u00e1sait k\u00f6vetve c\u00e9lhoz \u00e9rni. \u2026Napjainkban nagyon divatosak a keleti vall\u00e1sok \u00e9s ezoterikus rendszerek. Ez\u00e9rt azt\u00e1n neh\u00e9z \u00e9szrevenni, milyen gazdag a v\u00e1laszt\u00e9k itt Nyugaton ezoterikus m\u00f3dszerekb\u0151l. Pedig ezeknek megvan az el\u0151ny\u00fck, hogy jobban alkalmazkodnak gondolkod\u00e1s- \u00e9s \u00e9letm\u00f3dunkhoz. \u2026A nyugati ezot\u00e9ria n\u00e9gy nagy oszlopa: az asztrol\u00f3gia, a kabbala, az alk\u00edmia \u00e9s a m\u00e1gia. Ezeket t\u00f6bbnyire magasrend\u0171 tudom\u00e1nyokk\u00e9nt tartj\u00e1k sz\u00e1mon, amelyekb\u0151l az id\u0151k sor\u00e1n olyan m\u00e1sodrend\u0171 tudom\u00e1nyok fejl\u0151dtek ki, mint az asztron\u00f3mia, a k\u00e9mia stb.<br><br>Az ezot\u00e9ria egyid\u0151s az emberis\u00e9ggel. Mindig volt \u00e9s mindig lesz. Kezdett\u0151l fogva \u0151rzi mindazt a tud\u00e1st, ami az emberek sz\u00e1m\u00e1ra az univerzumr\u00f3l hozz\u00e1f\u00e9rhet\u0151. Tan\u00edt\u00e1sai f\u00fcggetlenek az id\u0151t\u0151l, sosem kell korrig\u00e1lni, vagy moderniz\u00e1lni \u0151ket, hiszen nem \u00f6regszenek el. A modern tudom\u00e1ny nem \u00e9rti, hogy minden tud\u00e1s mindig jelen van. Abban a t\u00e9vhitben \u00e9l, hogy minden felfedez\u00e9ssel k\u00f6zelebb ker\u00fcl\u00fcnk az igazs\u00e1ghoz, s csak id\u0151 k\u00e9rd\u00e9se, mikor fogunk \u201emindent\u201d tudni. Ezoterikus szemmel n\u00e9zve mindez \u00e9ppen ford\u00edtva van. A tud\u00e1s mindig jelen van, de az embernek kell fejl\u0151dnie ahhoz, hogy felismerhesse.\u201d (r\u00e9szlet)<br><br>Thorwald Dethlefsen: Sors mint es\u00e9ly<\/p>\t\t\t\t\t\t\t\t<\/div>\n\t\t\t\t<\/div>\n\t\t\t\t\t<\/div>\n\t\t<\/div>\n\t\t\t\t\t<\/div>\n\t\t<\/section>\n\t\t\t\t<\/div>\n\t\t","protected":false},"excerpt":{"rendered":"<p>Mi is tulajdonk\u00e9ppen a R\u00f3zsakeresztes \u00f6sv\u00e9ny? \u201cA tudom\u00e1ny \u00e1tadhat\u00f3, a val\u00f3di tud\u00e1st azonban szorgalommal sohasem \u00e9rhetj\u00fck el, csak olyan teljess\u00e9ggel szem\u00e9lyes, individu\u00e1lis megismer\u00e9si aktussal, amely metafizikus term\u00e9szet\u0171, s amely nagyvonal\u00faan nem vesz tudom\u00e1st a t\u00f6megek azon k\u00f6vetel\u00e9s\u00e9r\u0151l, hogy \u201ea tud\u00e1s legyen mindenki\u00e9\u201d. A val\u00f3di tud\u00e1s mindig saj\u00e1t tapasztalatunk eredm\u00e9nye, sem \u00e1tvenni, sem tov\u00e1bbadni nem lehet. [&hellip;]<\/p>\n","protected":false},"author":1,"featured_media":0,"parent":0,"menu_order":0,"comment_status":"closed","ping_status":"closed","template":"","meta":{"footnotes":""},"class_list":["post-57","page","type-page","status-publish","hentry"],"_links":{"self":[{"href":"https:\/\/amorc.hu\/index.php\/wp-json\/wp\/v2\/pages\/57","targetHints":{"allow":["GET"]}}],"collection":[{"href":"https:\/\/amorc.hu\/index.php\/wp-json\/wp\/v2\/pages"}],"about":[{"href":"https:\/\/amorc.hu\/index.php\/wp-json\/wp\/v2\/types\/page"}],"author":[{"embeddable":true,"href":"https:\/\/amorc.hu\/index.php\/wp-json\/wp\/v2\/users\/1"}],"replies":[{"embeddable":true,"href":"https:\/\/amorc.hu\/index.php\/wp-json\/wp\/v2\/comments?post=57"}],"version-history":[{"count":22,"href":"https:\/\/amorc.hu\/index.php\/wp-json\/wp\/v2\/pages\/57\/revisions"}],"predecessor-version":[{"id":1101,"href":"https:\/\/amorc.hu\/index.php\/wp-json\/wp\/v2\/pages\/57\/revisions\/1101"}],"wp:attachment":[{"href":"https:\/\/amorc.hu\/index.php\/wp-json\/wp\/v2\/media?parent=57"}],"curies":[{"name":"wp","href":"https:\/\/api.w.org\/{rel}","templated":true}]}}