{"id":628,"date":"2024-02-28T13:33:58","date_gmt":"2024-02-28T13:33:58","guid":{"rendered":"https:\/\/amorc.hu\/?page_id=628"},"modified":"2025-02-05T21:29:52","modified_gmt":"2025-02-05T21:29:52","slug":"cikkek","status":"publish","type":"page","link":"https:\/\/amorc.hu\/index.php\/cikkek\/","title":{"rendered":"Cikkek"},"content":{"rendered":"\t\t<div data-elementor-type=\"wp-page\" data-elementor-id=\"628\" class=\"elementor elementor-628\" data-elementor-post-type=\"page\">\n\t\t\t\t\t\t<section class=\"elementor-section elementor-top-section elementor-element elementor-element-4ae6315 elementor-section-full_width elementor-section-height-min-height elementor-section-height-default elementor-section-items-middle\" data-id=\"4ae6315\" data-element_type=\"section\" data-e-type=\"section\" data-settings=\"{&quot;background_background&quot;:&quot;classic&quot;,&quot;shape_divider_bottom&quot;:&quot;wave-brush&quot;}\">\n\t\t\t\t\t<div class=\"elementor-shape elementor-shape-bottom\" aria-hidden=\"true\" data-negative=\"false\">\n\t\t\t<svg xmlns=\"http:\/\/www.w3.org\/2000\/svg\" viewBox=\"0 0 283.5 27.8\" preserveAspectRatio=\"none\">\n\t<path class=\"elementor-shape-fill\" d=\"M283.5,9.7c0,0-7.3,4.3-14,4.6c-6.8,0.3-12.6,0-20.9-1.5c-11.3-2-33.1-10.1-44.7-5.7\ts-12.1,4.6-18,7.4c-6.6,3.2-20,9.6-36.6,9.3C131.6,23.5,99.5,7.2,86.3,8c-1.4,0.1-6.6,0.8-10.5,2c-3.8,1.2-9.4,3.8-17,4.7\tc-3.2,0.4-8.3,1.1-14.2,0.9c-1.5-0.1-6.3-0.4-12-1.6c-5.7-1.2-11-3.1-15.8-3.7C6.5,9.2,0,10.8,0,10.8V0h283.5V9.7z M260.8,11.3\tc-0.7-1-2-0.4-4.3-0.4c-2.3,0-6.1-1.2-5.8-1.1c0.3,0.1,3.1,1.5,6,1.9C259.7,12.2,261.4,12.3,260.8,11.3z M242.4,8.6\tc0,0-2.4-0.2-5.6-0.9c-3.2-0.8-10.3-2.8-15.1-3.5c-8.2-1.1-15.8,0-15.1,0.1c0.8,0.1,9.6-0.6,17.6,1.1c3.3,0.7,9.3,2.2,12.4,2.7\tC239.9,8.7,242.4,8.6,242.4,8.6z M185.2,8.5c1.7-0.7-13.3,4.7-18.5,6.1c-2.1,0.6-6.2,1.6-10,2c-3.9,0.4-8.9,0.4-8.8,0.5\tc0,0.2,5.8,0.8,11.2,0c5.4-0.8,5.2-1.1,7.6-1.6C170.5,14.7,183.5,9.2,185.2,8.5z M199.1,6.9c0.2,0-0.8-0.4-4.8,1.1\tc-4,1.5-6.7,3.5-6.9,3.7c-0.2,0.1,3.5-1.8,6.6-3C197,7.5,199,6.9,199.1,6.9z M283,6c-0.1,0.1-1.9,1.1-4.8,2.5s-6.9,2.8-6.7,2.7\tc0.2,0,3.5-0.6,7.4-2.5C282.8,6.8,283.1,5.9,283,6z M31.3,11.6c0.1-0.2-1.9-0.2-4.5-1.2s-5.4-1.6-7.8-2C15,7.6,7.3,8.5,7.7,8.6\tC8,8.7,15.9,8.3,20.2,9.3c2.2,0.5,2.4,0.5,5.7,1.6S31.2,11.9,31.3,11.6z M73,9.2c0.4-0.1,3.5-1.6,8.4-2.6c4.9-1.1,8.9-0.5,8.9-0.8\tc0-0.3-1-0.9-6.2-0.3S72.6,9.3,73,9.2z M71.6,6.7C71.8,6.8,75,5.4,77.3,5c2.3-0.3,1.9-0.5,1.9-0.6c0-0.1-1.1-0.2-2.7,0.2\tC74.8,5.1,71.4,6.6,71.6,6.7z M93.6,4.4c0.1,0.2,3.5,0.8,5.6,1.8c2.1,1,1.8,0.6,1.9,0.5c0.1-0.1-0.8-0.8-2.4-1.3\tC97.1,4.8,93.5,4.2,93.6,4.4z M65.4,11.1c-0.1,0.3,0.3,0.5,1.9-0.2s2.6-1.3,2.2-1.2s-0.9,0.4-2.5,0.8C65.3,10.9,65.5,10.8,65.4,11.1\tz M34.5,12.4c-0.2,0,2.1,0.8,3.3,0.9c1.2,0.1,2,0.1,2-0.2c0-0.3-0.1-0.5-1.6-0.4C36.6,12.8,34.7,12.4,34.5,12.4z M152.2,21.1\tc-0.1,0.1-2.4-0.3-7.5-0.3c-5,0-13.6-2.4-17.2-3.5c-3.6-1.1,10,3.9,16.5,4.1C150.5,21.6,152.3,21,152.2,21.1z\"\/>\n\t<path class=\"elementor-shape-fill\" d=\"M269.6,18c-0.1-0.1-4.6,0.3-7.2,0c-7.3-0.7-17-3.2-16.6-2.9c0.4,0.3,13.7,3.1,17,3.3\tC267.7,18.8,269.7,18,269.6,18z\"\/>\n\t<path class=\"elementor-shape-fill\" d=\"M227.4,9.8c-0.2-0.1-4.5-1-9.5-1.2c-5-0.2-12.7,0.6-12.3,0.5c0.3-0.1,5.9-1.8,13.3-1.2\tS227.6,9.9,227.4,9.8z\"\/>\n\t<path class=\"elementor-shape-fill\" d=\"M204.5,13.4c-0.1-0.1,2-1,3.2-1.1c1.2-0.1,2,0,2,0.3c0,0.3-0.1,0.5-1.6,0.4\tC206.4,12.9,204.6,13.5,204.5,13.4z\"\/>\n\t<path class=\"elementor-shape-fill\" d=\"M201,10.6c0-0.1-4.4,1.2-6.3,2.2c-1.9,0.9-6.2,3.1-6.1,3.1c0.1,0.1,4.2-1.6,6.3-2.6\tS201,10.7,201,10.6z\"\/>\n\t<path class=\"elementor-shape-fill\" d=\"M154.5,26.7c-0.1-0.1-4.6,0.3-7.2,0c-7.3-0.7-17-3.2-16.6-2.9c0.4,0.3,13.7,3.1,17,3.3\tC152.6,27.5,154.6,26.8,154.5,26.7z\"\/>\n\t<path class=\"elementor-shape-fill\" d=\"M41.9,19.3c0,0,1.2-0.3,2.9-0.1c1.7,0.2,5.8,0.9,8.2,0.7c4.2-0.4,7.4-2.7,7-2.6\tc-0.4,0-4.3,2.2-8.6,1.9c-1.8-0.1-5.1-0.5-6.7-0.4S41.9,19.3,41.9,19.3z\"\/>\n\t<path class=\"elementor-shape-fill\" d=\"M75.5,12.6c0.2,0.1,2-0.8,4.3-1.1c2.3-0.2,2.1-0.3,2.1-0.5c0-0.1-1.8-0.4-3.4,0\tC76.9,11.5,75.3,12.5,75.5,12.6z\"\/>\n\t<path class=\"elementor-shape-fill\" d=\"M15.6,13.2c0-0.1,4.3,0,6.7,0.5c2.4,0.5,5,1.9,5,2c0,0.1-2.7-0.8-5.1-1.4\tC19.9,13.7,15.7,13.3,15.6,13.2z\"\/>\n<\/svg>\t\t<\/div>\n\t\t\t\t\t<div class=\"elementor-container elementor-column-gap-default\">\n\t\t\t\t\t<div class=\"elementor-column elementor-col-100 elementor-top-column elementor-element elementor-element-9764ffa\" data-id=\"9764ffa\" data-element_type=\"column\" data-e-type=\"column\" data-settings=\"{&quot;background_background&quot;:&quot;classic&quot;}\">\n\t\t\t<div class=\"elementor-widget-wrap elementor-element-populated\">\n\t\t\t\t\t\t<div class=\"elementor-element elementor-element-65ae897 elementor-widget elementor-widget-text-editor\" data-id=\"65ae897\" data-element_type=\"widget\" data-e-type=\"widget\" data-widget_type=\"text-editor.default\">\n\t\t\t\t<div class=\"elementor-widget-container\">\n\t\t\t\t\t\t\t\t\t<p>R\u00f3zsakeresztes \u00edr\u00e1sok<\/p>\t\t\t\t\t\t\t\t<\/div>\n\t\t\t\t<\/div>\n\t\t\t\t\t<\/div>\n\t\t<\/div>\n\t\t\t\t\t<\/div>\n\t\t<\/section>\n\t\t\t\t<section class=\"elementor-section elementor-top-section elementor-element elementor-element-a820415 elementor-section-boxed elementor-section-height-default elementor-section-height-default\" data-id=\"a820415\" data-element_type=\"section\" data-e-type=\"section\" data-settings=\"{&quot;background_background&quot;:&quot;classic&quot;}\">\n\t\t\t\t\t\t<div class=\"elementor-container elementor-column-gap-default\">\n\t\t\t\t\t<div class=\"elementor-column elementor-col-100 elementor-top-column elementor-element elementor-element-5f7eea8\" data-id=\"5f7eea8\" data-element_type=\"column\" data-e-type=\"column\">\n\t\t\t<div class=\"elementor-widget-wrap elementor-element-populated\">\n\t\t\t\t\t\t<div class=\"elementor-element elementor-element-d9a77b4 elementor-grid-2 elementor-grid-tablet-2 elementor-grid-mobile-1 elementor-posts--thumbnail-top elementor-card-shadow-yes elementor-posts__hover-gradient elementor-widget elementor-widget-posts\" data-id=\"d9a77b4\" data-element_type=\"widget\" data-e-type=\"widget\" data-settings=\"{&quot;cards_columns&quot;:&quot;2&quot;,&quot;pagination_type&quot;:&quot;prev_next&quot;,&quot;cards_columns_tablet&quot;:&quot;2&quot;,&quot;cards_columns_mobile&quot;:&quot;1&quot;,&quot;cards_row_gap&quot;:{&quot;unit&quot;:&quot;px&quot;,&quot;size&quot;:35,&quot;sizes&quot;:[]},&quot;cards_row_gap_tablet&quot;:{&quot;unit&quot;:&quot;px&quot;,&quot;size&quot;:&quot;&quot;,&quot;sizes&quot;:[]},&quot;cards_row_gap_mobile&quot;:{&quot;unit&quot;:&quot;px&quot;,&quot;size&quot;:&quot;&quot;,&quot;sizes&quot;:[]}}\" data-widget_type=\"posts.cards\">\n\t\t\t\t<div class=\"elementor-widget-container\">\n\t\t\t\t\t\t\t<div class=\"elementor-posts-container elementor-posts elementor-posts--skin-cards elementor-grid\">\n\t\t\t\t<article class=\"elementor-post elementor-grid-item post-569 post type-post status-publish format-standard has-post-thumbnail hentry category-uncategorized\">\n\t\t\t<div class=\"elementor-post__card\">\n\t\t\t\t<a class=\"elementor-post__thumbnail__link\" href=\"https:\/\/amorc.hu\/index.php\/2024\/02\/26\/okologia\/\" tabindex=\"-1\" ><div class=\"elementor-post__thumbnail\"><img fetchpriority=\"high\" decoding=\"async\" width=\"300\" height=\"200\" src=\"https:\/\/amorc.hu\/wp-content\/uploads\/2024\/02\/ecology-300x200.jpg\" class=\"attachment-medium size-medium wp-image-1153\" alt=\"\" srcset=\"https:\/\/amorc.hu\/wp-content\/uploads\/2024\/02\/ecology-300x200.jpg 300w, https:\/\/amorc.hu\/wp-content\/uploads\/2024\/02\/ecology-1024x683.jpg 1024w, https:\/\/amorc.hu\/wp-content\/uploads\/2024\/02\/ecology-768x512.jpg 768w, https:\/\/amorc.hu\/wp-content\/uploads\/2024\/02\/ecology-1536x1024.jpg 1536w, https:\/\/amorc.hu\/wp-content\/uploads\/2024\/02\/ecology.jpg 1600w\" sizes=\"(max-width: 300px) 100vw, 300px\" \/><\/div><\/a>\n\t\t\t\t<div class=\"elementor-post__text\">\n\t\t\t\t<h3 class=\"elementor-post__title\">\n\t\t\t<a href=\"https:\/\/amorc.hu\/index.php\/2024\/02\/26\/okologia\/\" >\n\t\t\t\t\u00d6kol\u00f3gia\t\t\t<\/a>\n\t\t<\/h3>\n\t\t\t\t<div class=\"elementor-post__excerpt\">\n\t\t\t<p>\u00cdrta: Claudio Mazzucco &#8211; AMORC Imper\u00e1tor \u201eVissza kell hoznunk a t\u00e1rsadalomba az \u00e9let c\u00e9lj\u00e1nak m\u00e9lyebb meg\u00e9rt\u00e9s\u00e9t. Az oly sok \u00e9letben megtapasztalhat\u00f3 boldogtalans\u00e1g azt kellene, hogy \u00fczenje nek\u00fcnk, hogy a siker \u00f6nmag\u00e1ban nem elegend\u0151. Az anyagi siker egy k\u00fcl\u00f6nleges spiritu\u00e1lis \u00e9s erk\u00f6lcsi cs\u0151d\u00f6t hozott r\u00e1nk. \u201e&nbsp;\u2013 Ben Okri- Ben Okri, \u00edr\u00f3 \u00e9s a R\u00f3zsakeresztes Rend tagja hossz\u00fa ideje. Id\u00e9zet\u00e9ben azt fejezi ki, amit a R\u00f3zsakeresztesek \u201ePositio Fraternitatis\u201d nev\u0171 manifesztum\u00e1ban t\u00e1rgyalnak, \u00e9s ami az iparosod\u00e1s \u00e1ltal a vil\u00e1gra hozott nagy egyens\u00falyhi\u00e1nyok k\u00f6z\u00e9ppontj\u00e1ban<\/p>\n\t\t<\/div>\n\t\t\t\t<\/div>\n\t\t\t\t\t<\/div>\n\t\t<\/article>\n\t\t\t\t<article class=\"elementor-post elementor-grid-item post-555 post type-post status-publish format-standard has-post-thumbnail hentry category-uncategorized\">\n\t\t\t<div class=\"elementor-post__card\">\n\t\t\t\t<a class=\"elementor-post__thumbnail__link\" href=\"https:\/\/amorc.hu\/index.php\/2024\/02\/26\/saint-germain-grof-a-tenyek-tukreben\/\" tabindex=\"-1\" ><div class=\"elementor-post__thumbnail\"><img decoding=\"async\" width=\"300\" height=\"300\" src=\"https:\/\/amorc.hu\/wp-content\/uploads\/2024\/02\/StGermaine-500x500-1-300x300.png\" class=\"attachment-medium size-medium wp-image-556\" alt=\"\" srcset=\"https:\/\/amorc.hu\/wp-content\/uploads\/2024\/02\/StGermaine-500x500-1-300x300.png 300w, https:\/\/amorc.hu\/wp-content\/uploads\/2024\/02\/StGermaine-500x500-1-150x150.png 150w, https:\/\/amorc.hu\/wp-content\/uploads\/2024\/02\/StGermaine-500x500-1.png 500w\" sizes=\"(max-width: 300px) 100vw, 300px\" \/><\/div><\/a>\n\t\t\t\t<div class=\"elementor-post__text\">\n\t\t\t\t<h3 class=\"elementor-post__title\">\n\t\t\t<a href=\"https:\/\/amorc.hu\/index.php\/2024\/02\/26\/saint-germain-grof-a-tenyek-tukreben\/\" >\n\t\t\t\tSaint-Germain gr\u00f3f a t\u00e9nyek t\u00fckr\u00e9ben\t\t\t<\/a>\n\t\t<\/h3>\n\t\t\t\t<div class=\"elementor-post__excerpt\">\n\t\t\t<p>Rend\u00fcnk tal\u00e1n legtitokzatosabb Mester\u00e9t mutatja be az al\u00e1bbi hosszabb \u00edr\u00e1s. Nek\u00fcnk, magyaroknak k\u00fcl\u00f6n figyelmet \u00e9rdemel a szem\u00e9lye, de ezt a sokak \u00e1ltal ismert t\u00e9nyt mondja el ink\u00e1bb a cikk \u00edr\u00f3ja, aki k\u00fclf\u00f6ldi l\u00e9v\u00e9n nem v\u00e1dolhat\u00f3 elfogults\u00e1ggal \u2026 Saint-Germain gr\u00f3f sokf\u00e9le szem\u00e9lyle\u00edr\u00e1s\u00e1t ismerj\u00fck, melyek k\u00f6z\u00fcl n\u00e9melyek olyan r\u00e9szletesek \u00e9s hasznavehetetlenek, hogy azok jobban megvil\u00e1g\u00edtj\u00e1k a korszak olvas\u00f3k\u00f6z\u00f6ns\u00e9g\u00e9t, illetve \u00edr\u00f3ik \u00edzl\u00e9s\u00e9t, mint mag\u00e1t a szem\u00e9lyt. Mindazon\u00e1ltal seg\u00edtenek meghat\u00e1rozni azt a h\u00e1tteret, amely el\u0151tt j\u00e1tszotta titokzatos szerep\u00e9t. A Madame du Hausset visszaeml\u00e9kez\u00e9seit tartj\u00e1k<\/p>\n\t\t<\/div>\n\t\t\t\t<\/div>\n\t\t\t\t\t<\/div>\n\t\t<\/article>\n\t\t\t\t<article class=\"elementor-post elementor-grid-item post-559 post type-post status-publish format-standard has-post-thumbnail hentry category-uncategorized\">\n\t\t\t<div class=\"elementor-post__card\">\n\t\t\t\t<a class=\"elementor-post__thumbnail__link\" href=\"https:\/\/amorc.hu\/index.php\/2024\/02\/26\/legy-egy-rozsakereszt\/\" tabindex=\"-1\" ><div class=\"elementor-post__thumbnail\"><img decoding=\"async\" width=\"300\" height=\"300\" src=\"https:\/\/amorc.hu\/wp-content\/uploads\/2024\/02\/Rosecroix-500x500-1-300x300.png\" class=\"attachment-medium size-medium wp-image-560\" alt=\"\" srcset=\"https:\/\/amorc.hu\/wp-content\/uploads\/2024\/02\/Rosecroix-500x500-1-300x300.png 300w, https:\/\/amorc.hu\/wp-content\/uploads\/2024\/02\/Rosecroix-500x500-1-150x150.png 150w, https:\/\/amorc.hu\/wp-content\/uploads\/2024\/02\/Rosecroix-500x500-1.png 500w\" sizes=\"(max-width: 300px) 100vw, 300px\" \/><\/div><\/a>\n\t\t\t\t<div class=\"elementor-post__text\">\n\t\t\t\t<h3 class=\"elementor-post__title\">\n\t\t\t<a href=\"https:\/\/amorc.hu\/index.php\/2024\/02\/26\/legy-egy-rozsakereszt\/\" >\n\t\t\t\tL\u00e9gy egy R\u00f3zsakereszt!\t\t\t<\/a>\n\t\t<\/h3>\n\t\t\t\t<div class=\"elementor-post__excerpt\">\n\t\t\t<p>Ez az \u00edr\u00e1s el\u0151z\u0151 Imper\u00e1torunk \u201eSo mote it be!\u201d (\u00cdgy rendeltess\u00e9k!) c\u00edm\u0171 k\u00f6nyv\u00e9nek egy fejezete, a ford\u00edt\u00e1s pedig abb\u00f3l az aprop\u00f3b\u00f3l sz\u00fcletett, hogy Christian Bernard az orb tatai \u00fcnnep\u00e9lyes \u00e1tad\u00e1sakor a c\u00edmben szerepl\u0151felh\u00edv\u00e1st int\u00e9zte mindannyiunkhoz. Huszonegy \u00e9v! Ennyi volt az \u00e9veim sz\u00e1ma, amikor Ralph Maxwell Lewis a k\u00f6vetkez\u0151 szavakat int\u00e9zte hozz\u00e1m, mintegy aj\u00e1nd\u00e9kk\u00e9nt: \u201eL\u00e9gy egy R\u00f3zsakereszt!\u201d 1987. janu\u00e1r 12-\u00e9n, inkarn\u00e1ci\u00f3ja v\u00e9g\u00e9n elhagyta az AMORC Imper\u00e1torak\u00e9nt k\u00f6zel \u00f6tven \u00e9ven \u00e1t bet\u00f6lt\u00f6tt hivatal\u00e1t. A san jos\u00e9i Legfels\u0151bb Tempelben \u00fcnnep\u00e9lyesen hozz\u00e1m int\u00e9zett szavai<\/p>\n\t\t<\/div>\n\t\t\t\t<\/div>\n\t\t\t\t\t<\/div>\n\t\t<\/article>\n\t\t\t\t<article class=\"elementor-post elementor-grid-item post-562 post type-post status-publish format-standard has-post-thumbnail hentry category-uncategorized\">\n\t\t\t<div class=\"elementor-post__card\">\n\t\t\t\t<a class=\"elementor-post__thumbnail__link\" href=\"https:\/\/amorc.hu\/index.php\/2024\/02\/26\/christian-bernard-spiritualis-alkimia\/\" tabindex=\"-1\" ><div class=\"elementor-post__thumbnail\"><img loading=\"lazy\" decoding=\"async\" width=\"300\" height=\"300\" src=\"https:\/\/amorc.hu\/wp-content\/uploads\/2024\/02\/Depositphotos_4513773_S-500x500-1-300x300.jpeg\" class=\"attachment-medium size-medium wp-image-563\" alt=\"\" srcset=\"https:\/\/amorc.hu\/wp-content\/uploads\/2024\/02\/Depositphotos_4513773_S-500x500-1-300x300.jpeg 300w, https:\/\/amorc.hu\/wp-content\/uploads\/2024\/02\/Depositphotos_4513773_S-500x500-1-150x150.jpeg 150w, https:\/\/amorc.hu\/wp-content\/uploads\/2024\/02\/Depositphotos_4513773_S-500x500-1.jpeg 500w\" sizes=\"(max-width: 300px) 100vw, 300px\" \/><\/div><\/a>\n\t\t\t\t<div class=\"elementor-post__text\">\n\t\t\t\t<h3 class=\"elementor-post__title\">\n\t\t\t<a href=\"https:\/\/amorc.hu\/index.php\/2024\/02\/26\/christian-bernard-spiritualis-alkimia\/\" >\n\t\t\t\tChristian Bernard \u2013 Spiritu\u00e1lis alk\u00edmia\t\t\t<\/a>\n\t\t<\/h3>\n\t\t\t\t<div class=\"elementor-post__excerpt\">\n\t\t\t<p>Ebben a cikk\u00e9ben Imper\u00e1torunk az \u00f6nmagunkon, \u00f6nmagunkban v\u00e9gzett spiritu\u00e1lis munk\u00e1ra, a Nagy M\u0171 elv\u00e9gz\u00e9s\u00e9re szeretne inspir\u00e1lni minket a spiritu\u00e1lis alk\u00edmia \u00e1talak\u00edt\u00f3 ereje \u00e1ltal. Ha \u00e1ltal\u00e1noss\u00e1gban akarunk kiragadni valami a misztikusok, de k\u00fcl\u00f6n\u00f6sen a R\u00f3zsakeresztesek sz\u00e1m\u00e1ra nagyon alapvet\u0151 dolgot, akkor a spiritu\u00e1lis alk\u00edmi\u00e1t kell kiemeln\u00fcnk. \u00a0Az alk\u00edmia e form\u00e1ja a filoz\u00f3fia alapjaihoz vezet vissza benn\u00fcnket \u00e9s kijel\u00f6li az utat, melyet k\u00f6vetn\u00fcnk kell, ha v\u00e9ghez akarjuk vinni a bels\u0151 fejl\u0151d\u00e9s\u00fcnket. \u00a0Val\u00f3j\u00e1ban ezen alapul a Nagy M\u0171, melyet meg kell val\u00f3s\u00edtania minden emberi<\/p>\n\t\t<\/div>\n\t\t\t\t<\/div>\n\t\t\t\t\t<\/div>\n\t\t<\/article>\n\t\t\t\t<article class=\"elementor-post elementor-grid-item post-565 post type-post status-publish format-standard has-post-thumbnail hentry category-uncategorized\">\n\t\t\t<div class=\"elementor-post__card\">\n\t\t\t\t<a class=\"elementor-post__thumbnail__link\" href=\"https:\/\/amorc.hu\/index.php\/2024\/02\/26\/h-spencer-lewis-elete-az-a-m-o-r-c-megalakulasa\/\" tabindex=\"-1\" ><div class=\"elementor-post__thumbnail\"><img loading=\"lazy\" decoding=\"async\" width=\"300\" height=\"300\" src=\"https:\/\/amorc.hu\/wp-content\/uploads\/2024\/02\/612664395a40232133447d33247d383335343833363832-500x500-1-300x300.jpeg\" class=\"attachment-medium size-medium wp-image-567\" alt=\"\" srcset=\"https:\/\/amorc.hu\/wp-content\/uploads\/2024\/02\/612664395a40232133447d33247d383335343833363832-500x500-1-300x300.jpeg 300w, https:\/\/amorc.hu\/wp-content\/uploads\/2024\/02\/612664395a40232133447d33247d383335343833363832-500x500-1-150x150.jpeg 150w, https:\/\/amorc.hu\/wp-content\/uploads\/2024\/02\/612664395a40232133447d33247d383335343833363832-500x500-1.jpeg 500w\" sizes=\"(max-width: 300px) 100vw, 300px\" \/><\/div><\/a>\n\t\t\t\t<div class=\"elementor-post__text\">\n\t\t\t\t<h3 class=\"elementor-post__title\">\n\t\t\t<a href=\"https:\/\/amorc.hu\/index.php\/2024\/02\/26\/h-spencer-lewis-elete-az-a-m-o-r-c-megalakulasa\/\" >\n\t\t\t\tH. Spencer Lewis \u00e9lete, az A.M.O.R.C. megalakul\u00e1sa\t\t\t<\/a>\n\t\t<\/h3>\n\t\t\t\t<div class=\"elementor-post__excerpt\">\n\t\t\t<p>Ebben az \u00edr\u00e1sban kiz\u00e1r\u00f3lag az A.M.O.R.C. hivatalosan publik\u00e1lt k\u00f6zl\u00e9seire szor\u00edtkozunk, k\u00fcl\u00f6n\u00f6sen Christian Rebisse testv\u00e9r\u00fcnk \u00edr\u00e1saira. Tessz\u00fck ezt annak tudat\u00e1ban, hogy ez a megk\u00f6zel\u00edt\u00e9s is kell\u0151k\u00e9ppen m\u00e9ly \u00e9s fontos alapvet\u0151 inform\u00e1ci\u00f3kat tartalmaz Rend\u00fcnk megalap\u00edt\u00f3j\u00e1nak \u00e9s az alap\u00edt\u00e1s k\u00f6r\u00fclm\u00e9nyeinek meg\u00e9rt\u00e9s\u00e9hez. Harvey Spencer Lewis 1883. november 25-\u00e9n sz\u00fcletett walesi sz\u00e1rmaz\u00e1s\u00fa \u0151s\u00f6kt\u0151l metodista csal\u00e1dba az egyes\u00fclt-\u00e1llamokbeli Frenchtown-ban, New Jersey \u00e1llamban. A csal\u00e1di k\u00f6rnyezet nagyban hozz\u00e1j\u00e1rult a misztika ir\u00e1nti fog\u00e9konys\u00e1ga kifejl\u0151d\u00e9s\u00e9hez. Nem el\u00e9gedett meg azzal, hogy vas\u00e1rnaponk\u00e9nt istentiszteletre j\u00e1rt, e mellett olvasta \u00e9s megjegyz\u00e9sekkel l\u00e1tta<\/p>\n\t\t<\/div>\n\t\t\t\t<\/div>\n\t\t\t\t\t<\/div>\n\t\t<\/article>\n\t\t\t\t<article class=\"elementor-post elementor-grid-item post-572 post type-post status-publish format-standard has-post-thumbnail hentry category-uncategorized\">\n\t\t\t<div class=\"elementor-post__card\">\n\t\t\t\t<a class=\"elementor-post__thumbnail__link\" href=\"https:\/\/amorc.hu\/index.php\/2024\/02\/26\/a-rozsakeresztes-utopia\/\" tabindex=\"-1\" ><div class=\"elementor-post__thumbnail\"><img loading=\"lazy\" decoding=\"async\" width=\"300\" height=\"300\" src=\"https:\/\/amorc.hu\/wp-content\/uploads\/2024\/02\/AMORC-500x500-1-300x300.png\" class=\"attachment-medium size-medium wp-image-573\" alt=\"\" srcset=\"https:\/\/amorc.hu\/wp-content\/uploads\/2024\/02\/AMORC-500x500-1-300x300.png 300w, https:\/\/amorc.hu\/wp-content\/uploads\/2024\/02\/AMORC-500x500-1-150x150.png 150w, https:\/\/amorc.hu\/wp-content\/uploads\/2024\/02\/AMORC-500x500-1.png 500w\" sizes=\"(max-width: 300px) 100vw, 300px\" \/><\/div><\/a>\n\t\t\t\t<div class=\"elementor-post__text\">\n\t\t\t\t<h3 class=\"elementor-post__title\">\n\t\t\t<a href=\"https:\/\/amorc.hu\/index.php\/2024\/02\/26\/a-rozsakeresztes-utopia\/\" >\n\t\t\t\tA R\u00f3zsakeresztes ut\u00f3pia\t\t\t<\/a>\n\t\t<\/h3>\n\t\t\t\t<div class=\"elementor-post__excerpt\">\n\t\t\t<p>&nbsp;Ez az el\u0151ad\u00e1s a Rend 100 \u00e9ves jubileum\u00e1nak szentelt 2015. \u00e9vi Vil\u00e1gtal\u00e1lkoz\u00f3n, San Jos\u00e9ban hangzott el. \u201eK\u00e9t dolog t\u00f6lti el az elm\u00e9t \u00f6r\u00f6kk\u00e9 n\u00f6vekv\u0151 csod\u00e1lattal s ny\u0171g\u00f6zi le egyre gyakrabban \u00e9s egyre er\u0151sebben: a csillagos \u00e9g felettem s a mor\u00e1lis t\u00f6rv\u00e9ny \u00e9nbennem.\u201d &nbsp; Immanuel Kant (1724\u20131804) \u2013 A tiszta \u00e9sz kritik\u00e1ja c\u00edm\u0171, a felvil\u00e1gosod\u00e1s kor\u00e1nak egyik legfontosabb m\u0171v\u00e9b\u0151l \u2013 id\u00e9zett szavai az emberi elm\u00e9ben megnyilatkozott Szents\u00e9g t\u00f6k\u00e9letes szint\u00e9zis\u00e9nek tekinthet\u0151k. &nbsp; A Szents\u00e9g gondolata az egyik legalapvet\u0151bb elk\u00e9pzel\u00e9s, egy pill\u00e9r, melyen<\/p>\n\t\t<\/div>\n\t\t\t\t<\/div>\n\t\t\t\t\t<\/div>\n\t\t<\/article>\n\t\t\t\t<\/div>\n\t\t\n\t\t\t\t<div class=\"e-load-more-anchor\" data-page=\"1\" data-max-page=\"2\" data-next-page=\"https:\/\/amorc.hu\/index.php\/wp-json\/wp\/v2\/pages\/628\/page\/2\/\"><\/div>\n\t\t\t\t<nav class=\"elementor-pagination\" aria-label=\"Lapsz\u00e1moz\u00e1s\">\n\t\t\t<span class=\"page-numbers prev\">&laquo; El\u0151z\u0151<\/span>\n<a class=\"page-numbers next\" href=\"https:\/\/amorc.hu\/index.php\/wp-json\/wp\/v2\/pages\/628\/page\/2\/\">K\u00f6vetkez\u0151 &raquo;<\/a>\t\t<\/nav>\n\t\t\t\t\t\t<\/div>\n\t\t\t\t<\/div>\n\t\t\t\t\t<\/div>\n\t\t<\/div>\n\t\t\t\t\t<\/div>\n\t\t<\/section>\n\t\t\t\t<\/div>\n\t\t","protected":false},"excerpt":{"rendered":"<p>R\u00f3zsakeresztes \u00edr\u00e1sok<\/p>\n","protected":false},"author":1,"featured_media":0,"parent":0,"menu_order":0,"comment_status":"closed","ping_status":"closed","template":"","meta":{"footnotes":""},"class_list":["post-628","page","type-page","status-publish","hentry"],"_links":{"self":[{"href":"https:\/\/amorc.hu\/index.php\/wp-json\/wp\/v2\/pages\/628","targetHints":{"allow":["GET"]}}],"collection":[{"href":"https:\/\/amorc.hu\/index.php\/wp-json\/wp\/v2\/pages"}],"about":[{"href":"https:\/\/amorc.hu\/index.php\/wp-json\/wp\/v2\/types\/page"}],"author":[{"embeddable":true,"href":"https:\/\/amorc.hu\/index.php\/wp-json\/wp\/v2\/users\/1"}],"replies":[{"embeddable":true,"href":"https:\/\/amorc.hu\/index.php\/wp-json\/wp\/v2\/comments?post=628"}],"version-history":[{"count":27,"href":"https:\/\/amorc.hu\/index.php\/wp-json\/wp\/v2\/pages\/628\/revisions"}],"predecessor-version":[{"id":1107,"href":"https:\/\/amorc.hu\/index.php\/wp-json\/wp\/v2\/pages\/628\/revisions\/1107"}],"wp:attachment":[{"href":"https:\/\/amorc.hu\/index.php\/wp-json\/wp\/v2\/media?parent=628"}],"curies":[{"name":"wp","href":"https:\/\/api.w.org\/{rel}","templated":true}]}}