{"id":697,"date":"2024-02-28T14:15:25","date_gmt":"2024-02-28T14:15:25","guid":{"rendered":"https:\/\/amorc.hu\/?page_id=697"},"modified":"2025-02-05T21:23:05","modified_gmt":"2025-02-05T21:23:05","slug":"magyar-nagypaholy","status":"publish","type":"page","link":"https:\/\/amorc.hu\/index.php\/magyar-nagypaholy\/","title":{"rendered":"A Magyar Nagyp\u00e1holy t\u00f6rt\u00e9nete"},"content":{"rendered":"\t\t<div data-elementor-type=\"wp-page\" data-elementor-id=\"697\" class=\"elementor elementor-697\" data-elementor-post-type=\"page\">\n\t\t\t\t\t\t<section class=\"elementor-section elementor-top-section elementor-element elementor-element-4ae6315 elementor-section-full_width elementor-section-height-min-height elementor-section-height-default elementor-section-items-middle\" data-id=\"4ae6315\" data-element_type=\"section\" data-e-type=\"section\" data-settings=\"{&quot;background_background&quot;:&quot;classic&quot;,&quot;shape_divider_bottom&quot;:&quot;wave-brush&quot;}\">\n\t\t\t\t\t<div class=\"elementor-shape elementor-shape-bottom\" aria-hidden=\"true\" data-negative=\"false\">\n\t\t\t<svg xmlns=\"http:\/\/www.w3.org\/2000\/svg\" viewBox=\"0 0 283.5 27.8\" preserveAspectRatio=\"none\">\n\t<path class=\"elementor-shape-fill\" d=\"M283.5,9.7c0,0-7.3,4.3-14,4.6c-6.8,0.3-12.6,0-20.9-1.5c-11.3-2-33.1-10.1-44.7-5.7\ts-12.1,4.6-18,7.4c-6.6,3.2-20,9.6-36.6,9.3C131.6,23.5,99.5,7.2,86.3,8c-1.4,0.1-6.6,0.8-10.5,2c-3.8,1.2-9.4,3.8-17,4.7\tc-3.2,0.4-8.3,1.1-14.2,0.9c-1.5-0.1-6.3-0.4-12-1.6c-5.7-1.2-11-3.1-15.8-3.7C6.5,9.2,0,10.8,0,10.8V0h283.5V9.7z M260.8,11.3\tc-0.7-1-2-0.4-4.3-0.4c-2.3,0-6.1-1.2-5.8-1.1c0.3,0.1,3.1,1.5,6,1.9C259.7,12.2,261.4,12.3,260.8,11.3z M242.4,8.6\tc0,0-2.4-0.2-5.6-0.9c-3.2-0.8-10.3-2.8-15.1-3.5c-8.2-1.1-15.8,0-15.1,0.1c0.8,0.1,9.6-0.6,17.6,1.1c3.3,0.7,9.3,2.2,12.4,2.7\tC239.9,8.7,242.4,8.6,242.4,8.6z M185.2,8.5c1.7-0.7-13.3,4.7-18.5,6.1c-2.1,0.6-6.2,1.6-10,2c-3.9,0.4-8.9,0.4-8.8,0.5\tc0,0.2,5.8,0.8,11.2,0c5.4-0.8,5.2-1.1,7.6-1.6C170.5,14.7,183.5,9.2,185.2,8.5z M199.1,6.9c0.2,0-0.8-0.4-4.8,1.1\tc-4,1.5-6.7,3.5-6.9,3.7c-0.2,0.1,3.5-1.8,6.6-3C197,7.5,199,6.9,199.1,6.9z M283,6c-0.1,0.1-1.9,1.1-4.8,2.5s-6.9,2.8-6.7,2.7\tc0.2,0,3.5-0.6,7.4-2.5C282.8,6.8,283.1,5.9,283,6z M31.3,11.6c0.1-0.2-1.9-0.2-4.5-1.2s-5.4-1.6-7.8-2C15,7.6,7.3,8.5,7.7,8.6\tC8,8.7,15.9,8.3,20.2,9.3c2.2,0.5,2.4,0.5,5.7,1.6S31.2,11.9,31.3,11.6z M73,9.2c0.4-0.1,3.5-1.6,8.4-2.6c4.9-1.1,8.9-0.5,8.9-0.8\tc0-0.3-1-0.9-6.2-0.3S72.6,9.3,73,9.2z M71.6,6.7C71.8,6.8,75,5.4,77.3,5c2.3-0.3,1.9-0.5,1.9-0.6c0-0.1-1.1-0.2-2.7,0.2\tC74.8,5.1,71.4,6.6,71.6,6.7z M93.6,4.4c0.1,0.2,3.5,0.8,5.6,1.8c2.1,1,1.8,0.6,1.9,0.5c0.1-0.1-0.8-0.8-2.4-1.3\tC97.1,4.8,93.5,4.2,93.6,4.4z M65.4,11.1c-0.1,0.3,0.3,0.5,1.9-0.2s2.6-1.3,2.2-1.2s-0.9,0.4-2.5,0.8C65.3,10.9,65.5,10.8,65.4,11.1\tz M34.5,12.4c-0.2,0,2.1,0.8,3.3,0.9c1.2,0.1,2,0.1,2-0.2c0-0.3-0.1-0.5-1.6-0.4C36.6,12.8,34.7,12.4,34.5,12.4z M152.2,21.1\tc-0.1,0.1-2.4-0.3-7.5-0.3c-5,0-13.6-2.4-17.2-3.5c-3.6-1.1,10,3.9,16.5,4.1C150.5,21.6,152.3,21,152.2,21.1z\"\/>\n\t<path class=\"elementor-shape-fill\" d=\"M269.6,18c-0.1-0.1-4.6,0.3-7.2,0c-7.3-0.7-17-3.2-16.6-2.9c0.4,0.3,13.7,3.1,17,3.3\tC267.7,18.8,269.7,18,269.6,18z\"\/>\n\t<path class=\"elementor-shape-fill\" d=\"M227.4,9.8c-0.2-0.1-4.5-1-9.5-1.2c-5-0.2-12.7,0.6-12.3,0.5c0.3-0.1,5.9-1.8,13.3-1.2\tS227.6,9.9,227.4,9.8z\"\/>\n\t<path class=\"elementor-shape-fill\" d=\"M204.5,13.4c-0.1-0.1,2-1,3.2-1.1c1.2-0.1,2,0,2,0.3c0,0.3-0.1,0.5-1.6,0.4\tC206.4,12.9,204.6,13.5,204.5,13.4z\"\/>\n\t<path class=\"elementor-shape-fill\" d=\"M201,10.6c0-0.1-4.4,1.2-6.3,2.2c-1.9,0.9-6.2,3.1-6.1,3.1c0.1,0.1,4.2-1.6,6.3-2.6\tS201,10.7,201,10.6z\"\/>\n\t<path class=\"elementor-shape-fill\" d=\"M154.5,26.7c-0.1-0.1-4.6,0.3-7.2,0c-7.3-0.7-17-3.2-16.6-2.9c0.4,0.3,13.7,3.1,17,3.3\tC152.6,27.5,154.6,26.8,154.5,26.7z\"\/>\n\t<path class=\"elementor-shape-fill\" d=\"M41.9,19.3c0,0,1.2-0.3,2.9-0.1c1.7,0.2,5.8,0.9,8.2,0.7c4.2-0.4,7.4-2.7,7-2.6\tc-0.4,0-4.3,2.2-8.6,1.9c-1.8-0.1-5.1-0.5-6.7-0.4S41.9,19.3,41.9,19.3z\"\/>\n\t<path class=\"elementor-shape-fill\" d=\"M75.5,12.6c0.2,0.1,2-0.8,4.3-1.1c2.3-0.2,2.1-0.3,2.1-0.5c0-0.1-1.8-0.4-3.4,0\tC76.9,11.5,75.3,12.5,75.5,12.6z\"\/>\n\t<path class=\"elementor-shape-fill\" d=\"M15.6,13.2c0-0.1,4.3,0,6.7,0.5c2.4,0.5,5,1.9,5,2c0,0.1-2.7-0.8-5.1-1.4\tC19.9,13.7,15.7,13.3,15.6,13.2z\"\/>\n<\/svg>\t\t<\/div>\n\t\t\t\t\t<div class=\"elementor-container elementor-column-gap-default\">\n\t\t\t\t\t<div class=\"elementor-column elementor-col-100 elementor-top-column elementor-element elementor-element-9764ffa\" data-id=\"9764ffa\" data-element_type=\"column\" data-e-type=\"column\" data-settings=\"{&quot;background_background&quot;:&quot;classic&quot;}\">\n\t\t\t<div class=\"elementor-widget-wrap elementor-element-populated\">\n\t\t\t\t\t\t<div class=\"elementor-element elementor-element-65ae897 elementor-widget elementor-widget-text-editor\" data-id=\"65ae897\" data-element_type=\"widget\" data-e-type=\"widget\" data-widget_type=\"text-editor.default\">\n\t\t\t\t<div class=\"elementor-widget-container\">\n\t\t\t\t\t\t\t\t\t<div><b>A Magyar Nagyp\u00e1holy t\u00f6rt\u00e9nete<\/b><\/div>\t\t\t\t\t\t\t\t<\/div>\n\t\t\t\t<\/div>\n\t\t\t\t\t<\/div>\n\t\t<\/div>\n\t\t\t\t\t<\/div>\n\t\t<\/section>\n\t\t\t\t<section class=\"elementor-section elementor-top-section elementor-element elementor-element-0d1e922 elementor-section-boxed elementor-section-height-default elementor-section-height-default\" data-id=\"0d1e922\" data-element_type=\"section\" data-e-type=\"section\" data-settings=\"{&quot;background_background&quot;:&quot;classic&quot;,&quot;shape_divider_bottom&quot;:&quot;wave-brush&quot;}\">\n\t\t\t\t\t<div class=\"elementor-shape elementor-shape-bottom\" aria-hidden=\"true\" data-negative=\"false\">\n\t\t\t<svg xmlns=\"http:\/\/www.w3.org\/2000\/svg\" viewBox=\"0 0 283.5 27.8\" preserveAspectRatio=\"none\">\n\t<path class=\"elementor-shape-fill\" d=\"M283.5,9.7c0,0-7.3,4.3-14,4.6c-6.8,0.3-12.6,0-20.9-1.5c-11.3-2-33.1-10.1-44.7-5.7\ts-12.1,4.6-18,7.4c-6.6,3.2-20,9.6-36.6,9.3C131.6,23.5,99.5,7.2,86.3,8c-1.4,0.1-6.6,0.8-10.5,2c-3.8,1.2-9.4,3.8-17,4.7\tc-3.2,0.4-8.3,1.1-14.2,0.9c-1.5-0.1-6.3-0.4-12-1.6c-5.7-1.2-11-3.1-15.8-3.7C6.5,9.2,0,10.8,0,10.8V0h283.5V9.7z M260.8,11.3\tc-0.7-1-2-0.4-4.3-0.4c-2.3,0-6.1-1.2-5.8-1.1c0.3,0.1,3.1,1.5,6,1.9C259.7,12.2,261.4,12.3,260.8,11.3z M242.4,8.6\tc0,0-2.4-0.2-5.6-0.9c-3.2-0.8-10.3-2.8-15.1-3.5c-8.2-1.1-15.8,0-15.1,0.1c0.8,0.1,9.6-0.6,17.6,1.1c3.3,0.7,9.3,2.2,12.4,2.7\tC239.9,8.7,242.4,8.6,242.4,8.6z M185.2,8.5c1.7-0.7-13.3,4.7-18.5,6.1c-2.1,0.6-6.2,1.6-10,2c-3.9,0.4-8.9,0.4-8.8,0.5\tc0,0.2,5.8,0.8,11.2,0c5.4-0.8,5.2-1.1,7.6-1.6C170.5,14.7,183.5,9.2,185.2,8.5z M199.1,6.9c0.2,0-0.8-0.4-4.8,1.1\tc-4,1.5-6.7,3.5-6.9,3.7c-0.2,0.1,3.5-1.8,6.6-3C197,7.5,199,6.9,199.1,6.9z M283,6c-0.1,0.1-1.9,1.1-4.8,2.5s-6.9,2.8-6.7,2.7\tc0.2,0,3.5-0.6,7.4-2.5C282.8,6.8,283.1,5.9,283,6z M31.3,11.6c0.1-0.2-1.9-0.2-4.5-1.2s-5.4-1.6-7.8-2C15,7.6,7.3,8.5,7.7,8.6\tC8,8.7,15.9,8.3,20.2,9.3c2.2,0.5,2.4,0.5,5.7,1.6S31.2,11.9,31.3,11.6z M73,9.2c0.4-0.1,3.5-1.6,8.4-2.6c4.9-1.1,8.9-0.5,8.9-0.8\tc0-0.3-1-0.9-6.2-0.3S72.6,9.3,73,9.2z M71.6,6.7C71.8,6.8,75,5.4,77.3,5c2.3-0.3,1.9-0.5,1.9-0.6c0-0.1-1.1-0.2-2.7,0.2\tC74.8,5.1,71.4,6.6,71.6,6.7z M93.6,4.4c0.1,0.2,3.5,0.8,5.6,1.8c2.1,1,1.8,0.6,1.9,0.5c0.1-0.1-0.8-0.8-2.4-1.3\tC97.1,4.8,93.5,4.2,93.6,4.4z M65.4,11.1c-0.1,0.3,0.3,0.5,1.9-0.2s2.6-1.3,2.2-1.2s-0.9,0.4-2.5,0.8C65.3,10.9,65.5,10.8,65.4,11.1\tz M34.5,12.4c-0.2,0,2.1,0.8,3.3,0.9c1.2,0.1,2,0.1,2-0.2c0-0.3-0.1-0.5-1.6-0.4C36.6,12.8,34.7,12.4,34.5,12.4z M152.2,21.1\tc-0.1,0.1-2.4-0.3-7.5-0.3c-5,0-13.6-2.4-17.2-3.5c-3.6-1.1,10,3.9,16.5,4.1C150.5,21.6,152.3,21,152.2,21.1z\"\/>\n\t<path class=\"elementor-shape-fill\" d=\"M269.6,18c-0.1-0.1-4.6,0.3-7.2,0c-7.3-0.7-17-3.2-16.6-2.9c0.4,0.3,13.7,3.1,17,3.3\tC267.7,18.8,269.7,18,269.6,18z\"\/>\n\t<path class=\"elementor-shape-fill\" d=\"M227.4,9.8c-0.2-0.1-4.5-1-9.5-1.2c-5-0.2-12.7,0.6-12.3,0.5c0.3-0.1,5.9-1.8,13.3-1.2\tS227.6,9.9,227.4,9.8z\"\/>\n\t<path class=\"elementor-shape-fill\" d=\"M204.5,13.4c-0.1-0.1,2-1,3.2-1.1c1.2-0.1,2,0,2,0.3c0,0.3-0.1,0.5-1.6,0.4\tC206.4,12.9,204.6,13.5,204.5,13.4z\"\/>\n\t<path class=\"elementor-shape-fill\" d=\"M201,10.6c0-0.1-4.4,1.2-6.3,2.2c-1.9,0.9-6.2,3.1-6.1,3.1c0.1,0.1,4.2-1.6,6.3-2.6\tS201,10.7,201,10.6z\"\/>\n\t<path class=\"elementor-shape-fill\" d=\"M154.5,26.7c-0.1-0.1-4.6,0.3-7.2,0c-7.3-0.7-17-3.2-16.6-2.9c0.4,0.3,13.7,3.1,17,3.3\tC152.6,27.5,154.6,26.8,154.5,26.7z\"\/>\n\t<path class=\"elementor-shape-fill\" d=\"M41.9,19.3c0,0,1.2-0.3,2.9-0.1c1.7,0.2,5.8,0.9,8.2,0.7c4.2-0.4,7.4-2.7,7-2.6\tc-0.4,0-4.3,2.2-8.6,1.9c-1.8-0.1-5.1-0.5-6.7-0.4S41.9,19.3,41.9,19.3z\"\/>\n\t<path class=\"elementor-shape-fill\" d=\"M75.5,12.6c0.2,0.1,2-0.8,4.3-1.1c2.3-0.2,2.1-0.3,2.1-0.5c0-0.1-1.8-0.4-3.4,0\tC76.9,11.5,75.3,12.5,75.5,12.6z\"\/>\n\t<path class=\"elementor-shape-fill\" d=\"M15.6,13.2c0-0.1,4.3,0,6.7,0.5c2.4,0.5,5,1.9,5,2c0,0.1-2.7-0.8-5.1-1.4\tC19.9,13.7,15.7,13.3,15.6,13.2z\"\/>\n<\/svg>\t\t<\/div>\n\t\t\t\t\t<div class=\"elementor-container elementor-column-gap-default\">\n\t\t\t\t\t<div class=\"elementor-column elementor-col-100 elementor-top-column elementor-element elementor-element-a1b8cda\" data-id=\"a1b8cda\" data-element_type=\"column\" data-e-type=\"column\">\n\t\t\t<div class=\"elementor-widget-wrap elementor-element-populated\">\n\t\t\t\t\t\t<section class=\"elementor-section elementor-inner-section elementor-element elementor-element-ad741c0 elementor-section-content-middle elementor-section-boxed elementor-section-height-default elementor-section-height-default\" data-id=\"ad741c0\" data-element_type=\"section\" data-e-type=\"section\">\n\t\t\t\t\t\t<div class=\"elementor-container elementor-column-gap-default\">\n\t\t\t\t\t<div class=\"elementor-column elementor-col-66 elementor-inner-column elementor-element elementor-element-347f1e7\" data-id=\"347f1e7\" data-element_type=\"column\" data-e-type=\"column\">\n\t\t\t<div class=\"elementor-widget-wrap elementor-element-populated\">\n\t\t\t\t\t\t<div class=\"elementor-element elementor-element-7b6fcfc elementor-invisible elementor-widget elementor-widget-text-editor\" data-id=\"7b6fcfc\" data-element_type=\"widget\" data-e-type=\"widget\" data-settings=\"{&quot;_animation&quot;:&quot;fadeInUp&quot;}\" data-widget_type=\"text-editor.default\">\n\t\t\t\t<div class=\"elementor-widget-container\">\n\t\t\t\t\t\t\t\t\t<p>A R\u00f3zsakeresztes Rend, A.M.O.R.C. Magyarorsz\u00e1gon hivatalosan bejegyzett \u00e9s enged\u00e9lyezett kultur\u00e1lis-oktat\u00e1si egyes\u00fcletk\u00e9nt 1995-ben kezdte meg m\u0171k\u00f6d\u00e9s\u00e9t. A tagjai elk\u00f6telezett munk\u00e1j\u00e1nak elismer\u00e9sek\u00e9nt \u00e9s megkoron\u00e1z\u00e1sak\u00e9nt 2019-ben \u00e9rdemelte ki a Nagyp\u00e1holy rangot, \u00c9kes \u00c1kos Nagymester vezet\u00e9s\u00e9vel. Az AMORC Magyarorsz\u00e1gon a Skandin\u00e1v Nagyp\u00e1holy gy\u00e1ms\u00e1ga alatt kezdte meg m\u0171k\u00f6d\u00e9s\u00e9t. A kis, budapesti belv\u00e1rosi lak\u00e1st hamar kin\u0151tt\u00e9k, \u00edgy az adminisztr\u00e1ci\u00f3 a Legfels\u0151bb Nagyp\u00e1holy nagylelk\u0171 t\u00e1mogat\u00e1s\u00e1val Tat\u00e1n.<\/p>\t\t\t\t\t\t\t\t<\/div>\n\t\t\t\t<\/div>\n\t\t\t\t\t<\/div>\n\t\t<\/div>\n\t\t\t\t<div class=\"elementor-column elementor-col-33 elementor-inner-column elementor-element elementor-element-93120fb\" data-id=\"93120fb\" data-element_type=\"column\" data-e-type=\"column\">\n\t\t\t<div class=\"elementor-widget-wrap elementor-element-populated\">\n\t\t\t\t\t\t<div class=\"elementor-element elementor-element-a800148 elementor-widget elementor-widget-image\" data-id=\"a800148\" data-element_type=\"widget\" data-e-type=\"widget\" data-widget_type=\"image.default\">\n\t\t\t\t<div class=\"elementor-widget-container\">\n\t\t\t\t\t\t\t\t\t\t\t\t\t\t\t<img fetchpriority=\"high\" decoding=\"async\" width=\"768\" height=\"399\" src=\"https:\/\/amorc.hu\/wp-content\/uploads\/2025\/02\/amorc-tata3-768x399.jpg\" class=\"attachment-medium_large size-medium_large wp-image-948\" alt=\"\" srcset=\"https:\/\/amorc.hu\/wp-content\/uploads\/2025\/02\/amorc-tata3-768x399.jpg 768w, https:\/\/amorc.hu\/wp-content\/uploads\/2025\/02\/amorc-tata3-300x156.jpg 300w, https:\/\/amorc.hu\/wp-content\/uploads\/2025\/02\/amorc-tata3.jpg 799w\" sizes=\"(max-width: 768px) 100vw, 768px\" \/>\t\t\t\t\t\t\t\t\t\t\t\t\t\t\t<\/div>\n\t\t\t\t<\/div>\n\t\t\t\t\t<\/div>\n\t\t<\/div>\n\t\t\t\t\t<\/div>\n\t\t<\/section>\n\t\t\t\t\t<\/div>\n\t\t<\/div>\n\t\t\t\t\t<\/div>\n\t\t<\/section>\n\t\t\t\t<section class=\"elementor-section elementor-top-section elementor-element elementor-element-a820415 elementor-section-boxed elementor-section-height-default elementor-section-height-default\" data-id=\"a820415\" data-element_type=\"section\" data-e-type=\"section\" data-settings=\"{&quot;background_background&quot;:&quot;classic&quot;}\">\n\t\t\t\t\t\t<div class=\"elementor-container elementor-column-gap-default\">\n\t\t\t\t\t<div class=\"elementor-column elementor-col-100 elementor-top-column elementor-element elementor-element-5f7eea8\" data-id=\"5f7eea8\" data-element_type=\"column\" data-e-type=\"column\">\n\t\t\t<div class=\"elementor-widget-wrap elementor-element-populated\">\n\t\t\t\t\t\t<section class=\"elementor-section elementor-inner-section elementor-element elementor-element-0f0dfff elementor-section-content-middle elementor-section-boxed elementor-section-height-default elementor-section-height-default\" data-id=\"0f0dfff\" data-element_type=\"section\" data-e-type=\"section\">\n\t\t\t\t\t\t<div class=\"elementor-container elementor-column-gap-default\">\n\t\t\t\t\t<div class=\"elementor-column elementor-col-100 elementor-inner-column elementor-element elementor-element-ae378bf\" data-id=\"ae378bf\" data-element_type=\"column\" data-e-type=\"column\">\n\t\t\t<div class=\"elementor-widget-wrap elementor-element-populated\">\n\t\t\t\t\t\t<div class=\"elementor-element elementor-element-35a76e3 elementor-widget elementor-widget-text-editor\" data-id=\"35a76e3\" data-element_type=\"widget\" data-e-type=\"widget\" data-settings=\"{&quot;_animation&quot;:&quot;none&quot;}\" data-widget_type=\"text-editor.default\">\n\t\t\t\t<div class=\"elementor-widget-container\">\n\t\t\t\t\t\t\t\t\t<p>A R\u00f3zsakeresztess\u00e9g t\u00f6k\u00e9letes m\u00f3dja annak is, hogy vil\u00e1gszerte bar\u00e1tokra tal\u00e1ljunk. Ezt az igazs\u00e1got bizony\u00e1ra a Magyar Nagyp\u00e1holy t\u00f6rt\u00e9nete is meger\u0151s\u00edti.<br \/>A 20. sz\u00e1zadi Magyarorsz\u00e1g t\u00f6rt\u00e9nelmi viszonyai sok\u00e1ig nem tett\u00e9k lehet\u0151v\u00e9 egy r\u00f3zsakeresztes p\u00e1holy hivatalos m\u0171k\u00f6d\u00e9s\u00e9t. Azonban amint az bizony\u00edt\u00e1st nyert, m\u00e1r az els\u0151 \u00e9s a m\u00e1sodik vil\u00e1gh\u00e1bor\u00fa k\u00f6z\u00f6tt is voltak magyar tagjai az AMORC-nak. K\u00f6zt\u00fck volt kor\u00e1nak egyik elismert misztikus szerz\u0151je \u00e9s tan\u00edt\u00f3ja, Charon Wictor, &#8211; sz\u00fclet\u00e9si nev\u00e9n Serb\u00e1k Viktor -, aki a korabeli AMORC Angol Nyelv\u0171 Joghat\u00f3s\u00e1g\u00e1nak a tagja volt. K\u00e9s\u0151bb \u0151, \u00e9s k\u00fcl\u00f6n\u00f6sen n\u0151v\u00e9re, Szepes M\u00e1ria, a V\u00f6r\u00f6s Oroszl\u00e1n c\u00edm\u0171 n\u00e9pszer\u0171 reinkarn\u00e1ci\u00f3s \u00e9s alk\u00edmiai reg\u00e9ny szerz\u0151jek\u00e9nt v\u00e1ltak h\u00edress\u00e9, amelyet az\u00f3ta a vil\u00e1g sz\u00e1mos nyelv\u00e9re leford\u00edtottak. Egy R\u00f3zsakeresztes sz\u00e1m\u00e1ra a k\u00f6nyv alapj\u00e1n egy\u00e9rtelm\u0171, hogy az \u00edr\u00f3n\u0151 ismerhette a r\u00f3zsakeresztes utat. A rend tagjai k\u00f6z\u00fcl is sokan olvast\u00e1k ezt a reg\u00e9nyt, \u00e9s sokan ezt nevezik meg, mint az AMORC ir\u00e1nti \u00e9rdekl\u0151d\u00e9s\u00fck kiv\u00e1lt\u00f3 ok\u00e1t.<\/p><p>Az AMORC hivatalos magyarorsz\u00e1gi indul\u00e1sa nem t\u00f6rt\u00e9nhetett volna meg an\u00e9lk\u00fcl, hogy a magyaroknak ne lenne sokf\u00e9le kapcsolata a vil\u00e1ggal. A Rend hivatalos hazai megalap\u00edt\u00e1sa k\u00f6zvetlen\u00fcl az 1990-es \u00e9vek jelent\u0151s politikai v\u00e1ltoz\u00e1sai ut\u00e1n az AMORC Ausztr\u00e1li\u00e1\u00e9rt, \u00daj-Z\u00e9land\u00e9rt \u00e9s \u00c1zsi\u00e1\u00e9rt felel\u0151s Angol Nyelv\u0171 Joghat\u00f3s\u00e1g\u00e1hoz vezet benn\u00fcnket. Pontosabban annak k\u00e9t lelkes ottani tagj\u00e1hoz: a Kellermann Erik \u00e9s Kellermann Erika h\u00e1zasp\u00e1rhoz. \u0150k, mint Ausztr\u00e1li\u00e1ba kiv\u00e1ndorolt magyarok, a Sidney Lodge tagjai voltak. Itt keresztezt\u00e9k egym\u00e1st \u00fatjaik Irving S\u00f6derlund, a Skandin\u00e1v Nagyp\u00e1holy akkori Nagymester\u00e9nek sz\u00e1nd\u00e9kaival, aki \u00e9vek \u00f3ta szeretett volna l\u00e9trehozni egy AMORC Nagyp\u00e1holyt Magyarorsz\u00e1gon. Nem sokkal ezut\u00e1n, visszat\u00e9rve Budapestre, Kellermann\u00e9k ind\u00edtott\u00e1k el sz\u00fcl\u0151haz\u00e1jukban az AMORC-ot. Egy kis, belv\u00e1rosi lak\u00e1sban kezdtek el dolgozni. <br \/>Az AMORC Magyarorsz\u00e1gon a Skandin\u00e1v Nagyp\u00e1holy gy\u00e1ms\u00e1ga alatt kezdte meg m\u0171k\u00f6d\u00e9s\u00e9t. A kis, budapesti belv\u00e1rosi lak\u00e1st hamar kin\u0151tt\u00e9k, \u00edgy az adminisztr\u00e1ci\u00f3 a Legfels\u0151bb Nagyp\u00e1holy nagylelk\u0171 t\u00e1mogat\u00e1s\u00e1val Tat\u00e1n, Budapestt\u0151l kb. 70 km-re tal\u00e1lta meg mostani hely\u00e9t. K\u00f6zel a Tatai \u2013 t\u00f3hoz, szemben a gr\u00f3f Esterh\u00e1zy csal\u00e1d gy\u00f6ny\u00f6r\u0171 klasszicista 18. sz\u00e1zadi kast\u00e9ly\u00e1val, annak egykori kiszolg\u00e1l\u00f3 \u00e9p\u00fclet\u00e9ben. Az Esterh\u00e1zy csal\u00e1dr\u00f3l \u00fagy tartj\u00e1k, hogy a r\u00f3zsakeresztess\u00e9g bar\u00e1tai voltak.<\/p><p>A monogr\u00e1fi\u00e1k magyarra t\u00f6rt\u00e9n\u0151 ford\u00edt\u00e1s\u00e1ban Keresztesi Katalin (Dr. \u00c1rva P\u00e1ln\u00e9) v\u00e1llalt nagy szerepet, k\u00e9s\u0151bb pedig \u0151 lett az els\u0151 adminisztr\u00e1tor. \u0150 fel\u00fcgyelte \u00e9s szervezte meg a nyomtatott magyar nyelv\u0171 monogr\u00e1fi\u00e1k terjeszt\u00e9s\u00e9t, valamint a r\u00e9gi tatai \u00e9p\u00fclet fel\u00faj\u00edt\u00e1s\u00e1t. A sz\u00fcks\u00e9ges sz\u00e1m\u00fa tiszts\u00e9gvisel\u0151k hi\u00e1nya miatt a beavat\u00e1sokat akkoriban Ausztri\u00e1ban, a n\u00e9met nyelv\u0171 joghat\u00f3s\u00e1ghoz tartoz\u00f3 b\u00e9csi p\u00e1holyban tartott\u00e1k. <br \/>Keresztesi Katalin, Kellermann Erik \u00e9s Erika, valamint Irving \u00e9s Live S\u00f6derlund, a Skandin\u00e1v Nagyp\u00e1holy nagymesterei teremtett\u00e9k meg az egyre n\u00f6vekv\u0151 sz\u00e1m\u00fa h\u0171s\u00e9ges taggal egy\u00fctt a jelenlegi Magyar Nagyp\u00e1holy anyagi \u00e9s szellemi l\u00e9t\u00e9nek alapjait.<\/p><p>A k\u00f6vetkez\u0151 adminisztr\u00e1tor, Bartha Katalin feladata volt a magyar nyelv\u0171 beavaz\u00e1sok \u00e9s az els\u0151 tiszts\u00e9gvisel\u0151i csoport megszervez\u00e9se. \u0150 olyan tev\u00e9kenys\u00e9gek elind\u00edt\u00e1s\u00e1ra is \u00f6sszpontos\u00edtott, amelyek \u00f6sszekapcsolj\u00e1k a tagokat egym\u00e1ssal \u00e9s megteremtette a k\u00e9t\u00e9vente tartott ny\u00e1ri egyetemek, elvonul\u00e1sok; a misztikus napok \u00e9s egy\u00e9b rendezv\u00e9nyek hagyom\u00e1ny\u00e1t. Ezekben az \u00e9vekben \u00f3ri\u00e1si seg\u00edts\u00e9get \u00e9s t\u00e1mogat\u00e1st kaptunk Irving \u00e9s Live S\u00f6derlund-t\u00f3l, akik rendszeres vend\u00e9gl\u00e1t\u00f3ink \u00e9s el\u0151ad\u00f3ink lettek rendezv\u00e9nyeinken. Sok k\u00f6sz\u00f6nettel \u00e9s m\u00e9ly h\u00e1l\u00e1val tartozunk nekik, csak\u00fagy, mint a Legfels\u0151bb Nagyp\u00e1holy kor\u00e1bbi vezet\u0151j\u00e9nek, Christian Bernard Imperator Emeritus-nak, aki t\u00f6bbsz\u00f6r is ell\u00e1togatott Magyarorsz\u00e1gra.\u00a0<\/p><p>Bartha Katalin sajn\u00e1latosan korai tranz\u00edci\u00f3j\u00e1t k\u00f6vet\u0151en az Adminisztr\u00e1tori szerepet \u00c9kes \u00c1kos vette \u00e1t 2011-ben, aki azonnal elkezdett dolgozni azon, hogy a Magyar Adminisztr\u00e1ci\u00f3 megny\u00edljon a vil\u00e1g fel\u00e9, \u00e9s mint egy l\u00e1ncszem megtal\u00e1lja a hely\u00e9t a nemzetk\u00f6zi szervezetben. Ennek a c\u00e9lnak az egyik l\u00e9p\u00e9se volt, hogy a magyar tagok egyre nagyobb sz\u00e1mban vettek r\u00e9szt misztikus t\u00far\u00e1kon \u00e9s az AMORC \u00e1ltal szervezett nemzetk\u00f6zi kongresszusokon, mint p\u00e9ld\u00e1ul a 2019-es r\u00f3mai vil\u00e1gtal\u00e1lkoz\u00f3n. \u00c9kes \u00c1kos megh\u00edv\u00e1s\u00e1ra rendszeresen \u00e9rkeznek l\u00e1togat\u00f3 Nagymesterek \u00e9s Rendtagok a vil\u00e1g minden t\u00e1j\u00e1r\u00f3l: Hollandi\u00e1b\u00f3l, Norv\u00e9gi\u00e1b\u00f3l, Sv\u00e9dorsz\u00e1gb\u00f3l, Nagy-Britanni\u00e1b\u00f3l, Olaszorsz\u00e1gb\u00f3l, Finnorsz\u00e1gb\u00f3l, Rom\u00e1ni\u00e1b\u00f3l, Spanyolorsz\u00e1gb\u00f3l, Franciaorsz\u00e1gb\u00f3l \u00e9s az USA -b\u00f3l. Megtiszteltet\u00e9s sz\u00e1munkra hogy Christian Bernard, Imperator Emeritiust, \u00e9s Claudio Mazucco Imper\u00e1tort is t\u00f6bbsz\u00f6r ven9d\u00e9g\u00fcl l\u00e1thattuk.<span style=\"font-style: var( --e-global-typography-text-font-style ); letter-spacing: var( --e-global-typography-text-letter-spacing ); text-transform: var( --e-global-typography-text-text-transform ); text-decoration: var( --e-global-typography-text-text-decoration );\">\u00a0\u00a0<\/span><\/p><p>A magyar r\u00f3zsakeresztesek elhivatott, lelkes \u00e9s kreat\u00edv munk\u00e1j\u00e1nak elismer\u00e9sek\u00e9nt a Legfels\u0151bb Nagytan\u00e1cs 2019-ben \u00fagy d\u00f6nt\u00f6tt, hogy a Magyar Nyelv\u0171 Joghat\u00f3s\u00e1got Nagyp\u00e1holy rangra emeli. K\u00f6zvetlen\u00fcl a COVID vil\u00e1gj\u00e1rv\u00e1ny el\u0151tt, 2020. janu\u00e1r 18-\u00e1n iktatta be \u00c9kes \u00c1kost, a Magyar Joghat\u00f3s\u00e1g Nagymester\u00e9v\u00e9 Claudio Mazzucco Imperator, a Legfels\u0151bb Nagyp\u00e1holy eln\u0151ke.<span style=\"font-style: var( --e-global-typography-text-font-style ); letter-spacing: var( --e-global-typography-text-letter-spacing ); text-transform: var( --e-global-typography-text-text-transform ); text-decoration: var( --e-global-typography-text-text-decoration );\">\u00a0\u00a0<\/span><\/p><p>A Nagyp\u00e1holyon k\u00edv\u00fcl jelenleg \u00f6t test\u00fcleti szervezet is m\u0171k\u00f6dik: Budapesten, Tat\u00e1n, Sopronban, Baj\u00e1n \u00e9s Debrecenben, lefedve az orsz\u00e1g k\u00fcl\u00f6nb\u00f6z\u0151 ter\u00fcleteit. Egyik tagunk kifejlesztette a monogr\u00e1fi\u00e1k elektronikus terjeszt\u00e9si rendszer\u00e9t, amellyel siker\u00fclt l\u00e9p\u00e9st tartani a technol\u00f3gia fejl\u0151d\u00e9s\u00e9vel, a fenntarthat\u00f3s\u00e1g \u00e9s a kor k\u00edv\u00e1nalmaival is. Ezt az e-monogr\u00e1fiai rendszert m\u00e1r n\u00e9h\u00e1ny m\u00e1s k\u00fclf\u00f6ldi joghat\u00f3s\u00e1g is haszn\u00e1lja. A Rend akt\u00edv a Facebookon \u00e9s az Instagramon is.<br \/>A COVID idej\u00e9n 2020-2021-ben mi is k\u00e9nytelenek voltunk az online t\u00e9rre korl\u00e1tozni tev\u00e9kenys\u00e9g\u00fcnket. N\u00e9h\u00e1ny online tev\u00e9kenys\u00e9g\u00fcnk olyan n\u00e9pszer\u0171v\u00e9 v\u00e1lt, hogy megtartottuk \u0151ket, lehet\u0151v\u00e9 t\u00e9ve a k\u00fclf\u00f6ld\u00f6n vagy t\u00e1vol \u00e9l\u0151 rendtatgok kapcsol\u00f3d\u00e1s\u00e1t bizonyos rendezv\u00e9nyekhez. Szint\u00e9n a COVID idej\u00e9n kezd\u0151d\u00f6tt el a tatai rendh\u00e1z fel\u00faj\u00edt\u00e1sa, korszer\u0171s\u00edt\u00e9se is.<span style=\"font-style: var( --e-global-typography-text-font-style ); letter-spacing: var( --e-global-typography-text-letter-spacing ); text-transform: var( --e-global-typography-text-text-transform ); text-decoration: var( --e-global-typography-text-text-decoration );\">\u00a0\u00a0<\/span><\/p><p>A Magyar Nagyp\u00e1holy a vil\u00e1ghoz val\u00f3 kapcsol\u00f3d\u00e1s t\u00e9nyleges helye. Hadd z\u00e1rjuk ezt a bevezet\u0151t egy sz\u00e9p t\u00f6rt\u00e9nettel ennek bizony\u00edt\u00e9kak\u00e9nt.<br \/>2022 els\u0151 fel\u00e9ben t\u00f6bb ny\u00edlt napot is tartottunk a test\u00fcleti szervek szervez\u00e9s\u00e9ben. Mivel ezeket az esem\u00e9nyeket a Facebookon hirdett\u00fck meg, kaptunk egy \u00e9rdekl\u0151d\u0151 \u00fczenetet egy h\u00f6lgyt\u0151l, aki r\u00e9szt szeretett volna venni, \u00e9s angol nyelv\u0171 inform\u00e1ci\u00f3kra volt sz\u00fcks\u00e9ge a helysz\u00ednr\u0151l \u00e9s a Rendr\u0151l \u00e1ltal\u00e1ban. Miut\u00e1n v\u00e1ltottunk vele n\u00e9h\u00e1ny \u00fczenetet, kider\u00fclt, hogy a F\u00fcl\u00f6p-szigetekr\u0151l sz\u00e1rmazik! Mivel \u00edgy a tatai rendezv\u00e9nyen nem tudott r\u00e9szt venni, kis kutat\u00e1st k\u00f6vet\u0151en siker\u00fclt megadni sz\u00e1m\u00e1ra a manilai tagozat c\u00edm\u00e9t. Milyen csod\u00e1latos dolog egy glob\u00e1lis testv\u00e9ris\u00e9ghez tartozni! A R\u00f3zsakeresztes Rend, AMORC Magyar Nagyp\u00e1holy\u00e1nak t\u00f6rt\u00e9nete egy gondolatk\u00e9nt kezd\u0151d\u00f6tt 1990-ben a Sidney p\u00e1holyban; ami a sv\u00e9dorsz\u00e1gi Onsal\u00e1ban \u00e9s az ausztriai B\u00e9csben form\u00e1l\u00f3dott \u00e9s er\u0151s\u00f6d\u00f6tt, majd Nagyp\u00e1holly\u00e1 fejl\u0151d\u00f6tt Tat\u00e1n, hogy l\u00e1ngra lobbantson valakit Manil\u00e1ban is.<\/p><p>A magyar tagok sz\u00e1m\u00e1ra R\u00f3zsakeresztesnek lenni azt is jelenti, hogy h\u00e1l\u00e1s r\u00e9szesei vagyunk egy filoz\u00f3fiai \u00e9s testv\u00e9ri kapcsolatrendszer er\u0151s h\u00e1l\u00f3j\u00e1nak.<\/p>\t\t\t\t\t\t\t\t<\/div>\n\t\t\t\t<\/div>\n\t\t\t\t\t<\/div>\n\t\t<\/div>\n\t\t\t\t\t<\/div>\n\t\t<\/section>\n\t\t\t\t\t<\/div>\n\t\t<\/div>\n\t\t\t\t\t<\/div>\n\t\t<\/section>\n\t\t\t\t<\/div>\n\t\t","protected":false},"excerpt":{"rendered":"<p>A Magyar Nagyp\u00e1holy t\u00f6rt\u00e9nete A R\u00f3zsakeresztes Rend, A.M.O.R.C. Magyarorsz\u00e1gon hivatalosan bejegyzett \u00e9s enged\u00e9lyezett kultur\u00e1lis-oktat\u00e1si egyes\u00fcletk\u00e9nt 1995-ben kezdte meg m\u0171k\u00f6d\u00e9s\u00e9t. A tagjai elk\u00f6telezett munk\u00e1j\u00e1nak elismer\u00e9sek\u00e9nt \u00e9s megkoron\u00e1z\u00e1sak\u00e9nt 2019-ben \u00e9rdemelte ki a Nagyp\u00e1holy rangot, \u00c9kes \u00c1kos Nagymester vezet\u00e9s\u00e9vel. Az AMORC Magyarorsz\u00e1gon a Skandin\u00e1v Nagyp\u00e1holy gy\u00e1ms\u00e1ga alatt kezdte meg m\u0171k\u00f6d\u00e9s\u00e9t. A kis, budapesti belv\u00e1rosi lak\u00e1st hamar kin\u0151tt\u00e9k, \u00edgy [&hellip;]<\/p>\n","protected":false},"author":1,"featured_media":0,"parent":0,"menu_order":0,"comment_status":"closed","ping_status":"closed","template":"","meta":{"footnotes":""},"class_list":["post-697","page","type-page","status-publish","hentry"],"_links":{"self":[{"href":"https:\/\/amorc.hu\/index.php\/wp-json\/wp\/v2\/pages\/697","targetHints":{"allow":["GET"]}}],"collection":[{"href":"https:\/\/amorc.hu\/index.php\/wp-json\/wp\/v2\/pages"}],"about":[{"href":"https:\/\/amorc.hu\/index.php\/wp-json\/wp\/v2\/types\/page"}],"author":[{"embeddable":true,"href":"https:\/\/amorc.hu\/index.php\/wp-json\/wp\/v2\/users\/1"}],"replies":[{"embeddable":true,"href":"https:\/\/amorc.hu\/index.php\/wp-json\/wp\/v2\/comments?post=697"}],"version-history":[{"count":16,"href":"https:\/\/amorc.hu\/index.php\/wp-json\/wp\/v2\/pages\/697\/revisions"}],"predecessor-version":[{"id":1095,"href":"https:\/\/amorc.hu\/index.php\/wp-json\/wp\/v2\/pages\/697\/revisions\/1095"}],"wp:attachment":[{"href":"https:\/\/amorc.hu\/index.php\/wp-json\/wp\/v2\/media?parent=697"}],"curies":[{"name":"wp","href":"https:\/\/api.w.org\/{rel}","templated":true}]}}