{"id":775,"date":"2024-02-28T20:27:20","date_gmt":"2024-02-28T20:27:20","guid":{"rendered":"https:\/\/amorc.hu\/?page_id=775"},"modified":"2025-03-18T08:10:45","modified_gmt":"2025-03-18T08:10:45","slug":"konyvtar-2","status":"publish","type":"page","link":"https:\/\/amorc.hu\/index.php\/konyvtar-2\/","title":{"rendered":"K\u00f6nyvt\u00e1r"},"content":{"rendered":"\t\t<div data-elementor-type=\"wp-page\" data-elementor-id=\"775\" class=\"elementor elementor-775\" data-elementor-post-type=\"page\">\n\t\t\t\t\t\t<section class=\"elementor-section elementor-top-section elementor-element elementor-element-4ae6315 elementor-section-full_width elementor-section-height-min-height elementor-section-height-default elementor-section-items-middle\" data-id=\"4ae6315\" data-element_type=\"section\" data-e-type=\"section\" data-settings=\"{&quot;background_background&quot;:&quot;classic&quot;,&quot;shape_divider_bottom&quot;:&quot;wave-brush&quot;}\">\n\t\t\t\t\t<div class=\"elementor-shape elementor-shape-bottom\" aria-hidden=\"true\" data-negative=\"false\">\n\t\t\t<svg xmlns=\"http:\/\/www.w3.org\/2000\/svg\" viewBox=\"0 0 283.5 27.8\" preserveAspectRatio=\"none\">\n\t<path class=\"elementor-shape-fill\" d=\"M283.5,9.7c0,0-7.3,4.3-14,4.6c-6.8,0.3-12.6,0-20.9-1.5c-11.3-2-33.1-10.1-44.7-5.7\ts-12.1,4.6-18,7.4c-6.6,3.2-20,9.6-36.6,9.3C131.6,23.5,99.5,7.2,86.3,8c-1.4,0.1-6.6,0.8-10.5,2c-3.8,1.2-9.4,3.8-17,4.7\tc-3.2,0.4-8.3,1.1-14.2,0.9c-1.5-0.1-6.3-0.4-12-1.6c-5.7-1.2-11-3.1-15.8-3.7C6.5,9.2,0,10.8,0,10.8V0h283.5V9.7z M260.8,11.3\tc-0.7-1-2-0.4-4.3-0.4c-2.3,0-6.1-1.2-5.8-1.1c0.3,0.1,3.1,1.5,6,1.9C259.7,12.2,261.4,12.3,260.8,11.3z M242.4,8.6\tc0,0-2.4-0.2-5.6-0.9c-3.2-0.8-10.3-2.8-15.1-3.5c-8.2-1.1-15.8,0-15.1,0.1c0.8,0.1,9.6-0.6,17.6,1.1c3.3,0.7,9.3,2.2,12.4,2.7\tC239.9,8.7,242.4,8.6,242.4,8.6z M185.2,8.5c1.7-0.7-13.3,4.7-18.5,6.1c-2.1,0.6-6.2,1.6-10,2c-3.9,0.4-8.9,0.4-8.8,0.5\tc0,0.2,5.8,0.8,11.2,0c5.4-0.8,5.2-1.1,7.6-1.6C170.5,14.7,183.5,9.2,185.2,8.5z M199.1,6.9c0.2,0-0.8-0.4-4.8,1.1\tc-4,1.5-6.7,3.5-6.9,3.7c-0.2,0.1,3.5-1.8,6.6-3C197,7.5,199,6.9,199.1,6.9z M283,6c-0.1,0.1-1.9,1.1-4.8,2.5s-6.9,2.8-6.7,2.7\tc0.2,0,3.5-0.6,7.4-2.5C282.8,6.8,283.1,5.9,283,6z M31.3,11.6c0.1-0.2-1.9-0.2-4.5-1.2s-5.4-1.6-7.8-2C15,7.6,7.3,8.5,7.7,8.6\tC8,8.7,15.9,8.3,20.2,9.3c2.2,0.5,2.4,0.5,5.7,1.6S31.2,11.9,31.3,11.6z M73,9.2c0.4-0.1,3.5-1.6,8.4-2.6c4.9-1.1,8.9-0.5,8.9-0.8\tc0-0.3-1-0.9-6.2-0.3S72.6,9.3,73,9.2z M71.6,6.7C71.8,6.8,75,5.4,77.3,5c2.3-0.3,1.9-0.5,1.9-0.6c0-0.1-1.1-0.2-2.7,0.2\tC74.8,5.1,71.4,6.6,71.6,6.7z M93.6,4.4c0.1,0.2,3.5,0.8,5.6,1.8c2.1,1,1.8,0.6,1.9,0.5c0.1-0.1-0.8-0.8-2.4-1.3\tC97.1,4.8,93.5,4.2,93.6,4.4z M65.4,11.1c-0.1,0.3,0.3,0.5,1.9-0.2s2.6-1.3,2.2-1.2s-0.9,0.4-2.5,0.8C65.3,10.9,65.5,10.8,65.4,11.1\tz M34.5,12.4c-0.2,0,2.1,0.8,3.3,0.9c1.2,0.1,2,0.1,2-0.2c0-0.3-0.1-0.5-1.6-0.4C36.6,12.8,34.7,12.4,34.5,12.4z M152.2,21.1\tc-0.1,0.1-2.4-0.3-7.5-0.3c-5,0-13.6-2.4-17.2-3.5c-3.6-1.1,10,3.9,16.5,4.1C150.5,21.6,152.3,21,152.2,21.1z\"\/>\n\t<path class=\"elementor-shape-fill\" d=\"M269.6,18c-0.1-0.1-4.6,0.3-7.2,0c-7.3-0.7-17-3.2-16.6-2.9c0.4,0.3,13.7,3.1,17,3.3\tC267.7,18.8,269.7,18,269.6,18z\"\/>\n\t<path class=\"elementor-shape-fill\" d=\"M227.4,9.8c-0.2-0.1-4.5-1-9.5-1.2c-5-0.2-12.7,0.6-12.3,0.5c0.3-0.1,5.9-1.8,13.3-1.2\tS227.6,9.9,227.4,9.8z\"\/>\n\t<path class=\"elementor-shape-fill\" d=\"M204.5,13.4c-0.1-0.1,2-1,3.2-1.1c1.2-0.1,2,0,2,0.3c0,0.3-0.1,0.5-1.6,0.4\tC206.4,12.9,204.6,13.5,204.5,13.4z\"\/>\n\t<path class=\"elementor-shape-fill\" d=\"M201,10.6c0-0.1-4.4,1.2-6.3,2.2c-1.9,0.9-6.2,3.1-6.1,3.1c0.1,0.1,4.2-1.6,6.3-2.6\tS201,10.7,201,10.6z\"\/>\n\t<path class=\"elementor-shape-fill\" d=\"M154.5,26.7c-0.1-0.1-4.6,0.3-7.2,0c-7.3-0.7-17-3.2-16.6-2.9c0.4,0.3,13.7,3.1,17,3.3\tC152.6,27.5,154.6,26.8,154.5,26.7z\"\/>\n\t<path class=\"elementor-shape-fill\" d=\"M41.9,19.3c0,0,1.2-0.3,2.9-0.1c1.7,0.2,5.8,0.9,8.2,0.7c4.2-0.4,7.4-2.7,7-2.6\tc-0.4,0-4.3,2.2-8.6,1.9c-1.8-0.1-5.1-0.5-6.7-0.4S41.9,19.3,41.9,19.3z\"\/>\n\t<path class=\"elementor-shape-fill\" d=\"M75.5,12.6c0.2,0.1,2-0.8,4.3-1.1c2.3-0.2,2.1-0.3,2.1-0.5c0-0.1-1.8-0.4-3.4,0\tC76.9,11.5,75.3,12.5,75.5,12.6z\"\/>\n\t<path class=\"elementor-shape-fill\" d=\"M15.6,13.2c0-0.1,4.3,0,6.7,0.5c2.4,0.5,5,1.9,5,2c0,0.1-2.7-0.8-5.1-1.4\tC19.9,13.7,15.7,13.3,15.6,13.2z\"\/>\n<\/svg>\t\t<\/div>\n\t\t\t\t\t<div class=\"elementor-container elementor-column-gap-default\">\n\t\t\t\t\t<div class=\"elementor-column elementor-col-100 elementor-top-column elementor-element elementor-element-9764ffa\" data-id=\"9764ffa\" data-element_type=\"column\" data-e-type=\"column\" data-settings=\"{&quot;background_background&quot;:&quot;classic&quot;}\">\n\t\t\t<div class=\"elementor-widget-wrap elementor-element-populated\">\n\t\t\t\t\t\t<div class=\"elementor-element elementor-element-65ae897 elementor-widget elementor-widget-text-editor\" data-id=\"65ae897\" data-element_type=\"widget\" data-e-type=\"widget\" data-widget_type=\"text-editor.default\">\n\t\t\t\t<div class=\"elementor-widget-container\">\n\t\t\t\t\t\t\t\t\t<p>K\u00f6nyvt\u00e1r<\/p>\t\t\t\t\t\t\t\t<\/div>\n\t\t\t\t<\/div>\n\t\t\t\t\t<\/div>\n\t\t<\/div>\n\t\t\t\t\t<\/div>\n\t\t<\/section>\n\t\t\t\t<section class=\"elementor-section elementor-top-section elementor-element elementor-element-d08aa21 elementor-section-full_width elementor-section-height-default elementor-section-height-default\" data-id=\"d08aa21\" data-element_type=\"section\" data-e-type=\"section\">\n\t\t\t\t\t\t<div class=\"elementor-container elementor-column-gap-default\">\n\t\t\t\t\t<div class=\"elementor-column elementor-col-66 elementor-top-column elementor-element elementor-element-8dafe48\" data-id=\"8dafe48\" data-element_type=\"column\" data-e-type=\"column\">\n\t\t\t<div class=\"elementor-widget-wrap elementor-element-populated\">\n\t\t\t\t\t\t<div class=\"elementor-element elementor-element-c326ce1 elementor-widget elementor-widget-heading\" data-id=\"c326ce1\" data-element_type=\"widget\" data-e-type=\"widget\" data-widget_type=\"heading.default\">\n\t\t\t\t<div class=\"elementor-widget-container\">\n\t\t\t\t\t<h2 class=\"elementor-heading-title elementor-size-default\">R\u00f3zsakeresztes manifesztumok<\/h2>\t\t\t\t<\/div>\n\t\t\t\t<\/div>\n\t\t\t\t<div class=\"elementor-element elementor-element-ad47187 elementor-position-left elementor-vertical-align-middle elementor-position-left elementor-vertical-align-middle elementor-widget elementor-widget-image-box\" data-id=\"ad47187\" data-element_type=\"widget\" data-e-type=\"widget\" data-widget_type=\"image-box.default\">\n\t\t\t\t<div class=\"elementor-widget-container\">\n\t\t\t\t\t<div class=\"elementor-image-box-wrapper\"><figure class=\"elementor-image-box-img\"><a href=\"https:\/\/amorc.hu\/wp-content\/uploads\/2025\/02\/Fama_Fraternitatis_HUN.pdf\" target=\"_blank\" tabindex=\"-1\"><img fetchpriority=\"high\" decoding=\"async\" width=\"1276\" height=\"1811\" src=\"https:\/\/amorc.hu\/wp-content\/uploads\/2024\/02\/RC_Manifestum_FF.jpg\" class=\"attachment-full size-full wp-image-783\" alt=\"\" srcset=\"https:\/\/amorc.hu\/wp-content\/uploads\/2024\/02\/RC_Manifestum_FF.jpg 1276w, https:\/\/amorc.hu\/wp-content\/uploads\/2024\/02\/RC_Manifestum_FF-211x300.jpg 211w, https:\/\/amorc.hu\/wp-content\/uploads\/2024\/02\/RC_Manifestum_FF-721x1024.jpg 721w, https:\/\/amorc.hu\/wp-content\/uploads\/2024\/02\/RC_Manifestum_FF-768x1090.jpg 768w, https:\/\/amorc.hu\/wp-content\/uploads\/2024\/02\/RC_Manifestum_FF-1082x1536.jpg 1082w\" sizes=\"(max-width: 1276px) 100vw, 1276px\" \/><\/a><\/figure><div class=\"elementor-image-box-content\"><h3 class=\"elementor-image-box-title\"><a href=\"https:\/\/amorc.hu\/wp-content\/uploads\/2025\/02\/Fama_Fraternitatis_HUN.pdf\" target=\"_blank\">FAMA FRATERNITATIS<\/a><\/h3><p class=\"elementor-image-box-description\">A legmagasztosabb R\u00f3zsakeresztes Rend Testv\u00e9ris\u00e9g\u00e9nek felkutat\u00e1sa, Anno 1614\n\n - \"Mi, az R.C. Testv\u00e9ris\u00e9g tagjai k\u00f6sz\u00f6nt\u00fcnk, szeretet\u00fcnkkel \u00f6vez\u00fcnk \u00e9s im\u00e1inkba foglalunk mindenkit,\nki a kereszt\u00e9ny ind\u00edttat\u00e1s\u00fa h\u00edrad\u00e1sunkat olvassa...\"<\/p><\/div><\/div>\t\t\t\t<\/div>\n\t\t\t\t<\/div>\n\t\t\t\t<div class=\"elementor-element elementor-element-3dac43e elementor-position-left elementor-vertical-align-middle elementor-widget elementor-widget-image-box\" data-id=\"3dac43e\" data-element_type=\"widget\" data-e-type=\"widget\" data-widget_type=\"image-box.default\">\n\t\t\t\t<div class=\"elementor-widget-container\">\n\t\t\t\t\t<div class=\"elementor-image-box-wrapper\"><figure class=\"elementor-image-box-img\"><a href=\"https:\/\/amorc.hu\/wp-content\/uploads\/2025\/02\/Manifesztum_1616-2016_v2.pdf\" target=\"_blank\" tabindex=\"-1\"><img decoding=\"async\" width=\"1276\" height=\"1811\" src=\"https:\/\/amorc.hu\/wp-content\/uploads\/2024\/02\/RC_Manifestum_KM.jpg\" class=\"attachment-full size-full wp-image-784\" alt=\"\" srcset=\"https:\/\/amorc.hu\/wp-content\/uploads\/2024\/02\/RC_Manifestum_KM.jpg 1276w, https:\/\/amorc.hu\/wp-content\/uploads\/2024\/02\/RC_Manifestum_KM-211x300.jpg 211w, https:\/\/amorc.hu\/wp-content\/uploads\/2024\/02\/RC_Manifestum_KM-721x1024.jpg 721w, https:\/\/amorc.hu\/wp-content\/uploads\/2024\/02\/RC_Manifestum_KM-768x1090.jpg 768w, https:\/\/amorc.hu\/wp-content\/uploads\/2024\/02\/RC_Manifestum_KM-1082x1536.jpg 1082w\" sizes=\"(max-width: 1276px) 100vw, 1276px\" \/><\/a><\/figure><div class=\"elementor-image-box-content\"><h3 class=\"elementor-image-box-title\"><a href=\"https:\/\/amorc.hu\/wp-content\/uploads\/2025\/02\/Manifesztum_1616-2016_v2.pdf\" target=\"_blank\">MANIFESZTUM<\/a><\/h3><p class=\"elementor-image-box-description\">Christian Rosenkreutz \u00faj k\u00e9miai menyegz\u0151je 1616-2016\n\n - Miel\u0151tt nekifogna az olvas\u00e1shoz, bemutatkozn\u00e9k, mint ennek a Manifesztumnak az \u00edr\u00f3ja. A m\u00faltban Christian Rosenkreutz n\u00e9ven \u2013 a R\u00f3zsakeresztes Rend titokzatos megalap\u00edt\u00f3jak\u00e9nt \u2013 voltam ismert. Az\u00e9 a titkos t\u00e1rsas\u00e1g\u00e9, melynek eredet\u00e9t az ezot\u00e9ria t\u00f6rt\u00e9net\u00edr\u00f3i a 17. sz\u00e1zad elej\u00e9re teszik, de amelynek hagyom\u00e1nya messze r\u00e9gebbi enn\u00e9l, eg\u00e9szen az \u00f3kori Egyiptom miszt\u00e9riumiskol\u00e1iig vezethet\u0151 vissza...<\/p><\/div><\/div>\t\t\t\t<\/div>\n\t\t\t\t<\/div>\n\t\t\t\t<div class=\"elementor-element elementor-element-c6b4ae3 elementor-position-left elementor-vertical-align-middle elementor-widget elementor-widget-image-box\" data-id=\"c6b4ae3\" data-element_type=\"widget\" data-e-type=\"widget\" data-widget_type=\"image-box.default\">\n\t\t\t\t<div class=\"elementor-widget-container\">\n\t\t\t\t\t<div class=\"elementor-image-box-wrapper\"><figure class=\"elementor-image-box-img\"><a href=\"https:\/\/amorc.hu\/wp-content\/uploads\/2025\/02\/RC_Manifesztum_2014.pdf\" target=\"_blank\" tabindex=\"-1\"><img decoding=\"async\" width=\"1276\" height=\"1811\" src=\"https:\/\/amorc.hu\/wp-content\/uploads\/2024\/02\/RC_Menifestum_AP.jpg\" class=\"attachment-full size-full wp-image-782\" alt=\"\" srcset=\"https:\/\/amorc.hu\/wp-content\/uploads\/2024\/02\/RC_Menifestum_AP.jpg 1276w, https:\/\/amorc.hu\/wp-content\/uploads\/2024\/02\/RC_Menifestum_AP-211x300.jpg 211w, https:\/\/amorc.hu\/wp-content\/uploads\/2024\/02\/RC_Menifestum_AP-721x1024.jpg 721w, https:\/\/amorc.hu\/wp-content\/uploads\/2024\/02\/RC_Menifestum_AP-768x1090.jpg 768w, https:\/\/amorc.hu\/wp-content\/uploads\/2024\/02\/RC_Menifestum_AP-1082x1536.jpg 1082w\" sizes=\"(max-width: 1276px) 100vw, 1276px\" \/><\/a><\/figure><div class=\"elementor-image-box-content\"><h3 class=\"elementor-image-box-title\"><a href=\"https:\/\/amorc.hu\/wp-content\/uploads\/2025\/02\/RC_Manifesztum_2014.pdf\" target=\"_blank\">APPELLATIO<\/a><\/h3><p class=\"elementor-image-box-description\">1614-ben a \"Fama Fraternitatis\" publik\u00e1l\u00e1s\u00e1val a R\u00f3zsakeresztesek kil\u00e9ptek a n\u00e9vtelens\u00e9gb\u0151l. E mostani \"Appellatio\" c\u00e9lja nem a R\u00f3zsakeresztesek t\u00f6rt\u00e9net\u00e9nek vagy tan\u00edt\u00e1sainak bemutat\u00e1sa, ink\u00e1bb szeretn\u00e9nk rajta kereszt\u00fcl meg\u00fcnnepelni t\u00f6rt\u00e9nelmi szempontb\u00f3l a R\u00f3zsakeresztes Rend els\u0151 Manifesztum\u00e1nak tekintett, \"Fama Fraternitatis\" kiad\u00e1s\u00e1nak 400 \u00e9ves \u00e9vfordul\u00f3j\u00e1t.\n\n - Felh\u00edv\u00e1s a spiritualit\u00e1sra, felh\u00edv\u00e1s a humanizmusra, felh\u00edv\u00e1s a k\u00f6rnyezet\u00fcnk v\u00e9delm\u00e9re!<\/p><\/div><\/div>\t\t\t\t<\/div>\n\t\t\t\t<\/div>\n\t\t\t\t<div class=\"elementor-element elementor-element-7e44856 elementor-position-left elementor-vertical-align-middle elementor-widget elementor-widget-image-box\" data-id=\"7e44856\" data-element_type=\"widget\" data-e-type=\"widget\" data-widget_type=\"image-box.default\">\n\t\t\t\t<div class=\"elementor-widget-container\">\n\t\t\t\t\t<div class=\"elementor-image-box-wrapper\"><figure class=\"elementor-image-box-img\"><a href=\"https:\/\/amorc.hu\/wp-content\/uploads\/2025\/02\/Positio_Fraternitatis_Rosae_Crucis_2001.pdf\" target=\"_blank\" tabindex=\"-1\"><img loading=\"lazy\" decoding=\"async\" width=\"1276\" height=\"1811\" src=\"https:\/\/amorc.hu\/wp-content\/uploads\/2025\/02\/RC_Menifestum_Positio.jpg\" class=\"attachment-full size-full wp-image-1081\" alt=\"\" srcset=\"https:\/\/amorc.hu\/wp-content\/uploads\/2025\/02\/RC_Menifestum_Positio.jpg 1276w, https:\/\/amorc.hu\/wp-content\/uploads\/2025\/02\/RC_Menifestum_Positio-211x300.jpg 211w, https:\/\/amorc.hu\/wp-content\/uploads\/2025\/02\/RC_Menifestum_Positio-721x1024.jpg 721w, https:\/\/amorc.hu\/wp-content\/uploads\/2025\/02\/RC_Menifestum_Positio-768x1090.jpg 768w, https:\/\/amorc.hu\/wp-content\/uploads\/2025\/02\/RC_Menifestum_Positio-1082x1536.jpg 1082w\" sizes=\"(max-width: 1276px) 100vw, 1276px\" \/><\/a><\/figure><div class=\"elementor-image-box-content\"><h3 class=\"elementor-image-box-title\"><a href=\"https:\/\/amorc.hu\/wp-content\/uploads\/2025\/02\/Positio_Fraternitatis_Rosae_Crucis_2001.pdf\" target=\"_blank\">POSITIO<\/a><\/h3><p class=\"elementor-image-box-description\">A harmadik \u00e9vezred els\u0151 \u00e9v\u00e9ben minden l\u00e9tez\u0151 Istene sz\u00edne el\u0151tt, mi,\na R\u00f3zsakeresztes Legfels\u0151bb Tan\u00e1cs k\u00e9pvisel\u0151i, \u00fagy \u00edt\u00e9lj\u00fck meg, hogy\nel\u00e9rkezett az id\u0151 a negyedik R+C F\u00e1klya meggy\u00fajt\u00e1s\u00e1ra, abb\u00f3l a c\u00e9lb\u00f3l,\nhogy felfedje \u00e1ll\u00e1spontunkat az emberis\u00e9g jelenlegi helyzete vonatkoz\u00e1s\u00e1ban\n\u00e9s hogy megvil\u00e1g\u00edtsa azokat a vesz\u00e9lyeket, melyek fenyegetik,\ncsak\u00fagy, mint azokat a rem\u00e9nyeket, melyeket t\u00e1pl\u00e1lunk ir\u00e1nta.<\/p><\/div><\/div>\t\t\t\t<\/div>\n\t\t\t\t<\/div>\n\t\t\t\t<div class=\"elementor-element elementor-element-6f02e7c elementor-widget elementor-widget-heading\" data-id=\"6f02e7c\" data-element_type=\"widget\" data-e-type=\"widget\" data-widget_type=\"heading.default\">\n\t\t\t\t<div class=\"elementor-widget-container\">\n\t\t\t\t\t<h2 class=\"elementor-heading-title elementor-size-default\">R\u00f3zsakeresztes vide\u00f3k<\/h2>\t\t\t\t<\/div>\n\t\t\t\t<\/div>\n\t\t\t\t<div class=\"elementor-element elementor-element-342977e elementor-widget elementor-widget-video\" data-id=\"342977e\" data-element_type=\"widget\" data-e-type=\"widget\" data-settings=\"{&quot;youtube_url&quot;:&quot;https:\\\/\\\/youtu.be\\\/yG2XemBz0EU?si=zwJHrDaZ5ul_kMaN&quot;,&quot;loop&quot;:&quot;yes&quot;,&quot;video_type&quot;:&quot;youtube&quot;,&quot;controls&quot;:&quot;yes&quot;}\" data-widget_type=\"video.default\">\n\t\t\t\t<div class=\"elementor-widget-container\">\n\t\t\t\t\t\t\t<div class=\"elementor-wrapper elementor-open-inline\">\n\t\t\t<div class=\"elementor-video\"><\/div>\t\t<\/div>\n\t\t\t\t\t\t<\/div>\n\t\t\t\t<\/div>\n\t\t\t\t\t<\/div>\n\t\t<\/div>\n\t\t\t\t<div class=\"elementor-column elementor-col-33 elementor-top-column elementor-element elementor-element-59a1e6b\" data-id=\"59a1e6b\" data-element_type=\"column\" data-e-type=\"column\">\n\t\t\t<div class=\"elementor-widget-wrap\">\n\t\t\t\t\t\t\t<\/div>\n\t\t<\/div>\n\t\t\t\t\t<\/div>\n\t\t<\/section>\n\t\t\t\t<\/div>\n\t\t","protected":false},"excerpt":{"rendered":"<p>K\u00f6nyvt\u00e1r R\u00f3zsakeresztes manifesztumok FAMA FRATERNITATIS A legmagasztosabb R\u00f3zsakeresztes Rend Testv\u00e9ris\u00e9g\u00e9nek felkutat\u00e1sa, Anno 1614 &#8211; &#8222;Mi, az R.C. Testv\u00e9ris\u00e9g tagjai k\u00f6sz\u00f6nt\u00fcnk, szeretet\u00fcnkkel \u00f6vez\u00fcnk \u00e9s im\u00e1inkba foglalunk mindenkit, ki a kereszt\u00e9ny ind\u00edttat\u00e1s\u00fa h\u00edrad\u00e1sunkat olvassa&#8230;&#8221; MANIFESZTUM Christian Rosenkreutz \u00faj k\u00e9miai menyegz\u0151je 1616-2016 &#8211; Miel\u0151tt nekifogna az olvas\u00e1shoz, bemutatkozn\u00e9k, mint ennek a Manifesztumnak az \u00edr\u00f3ja. A m\u00faltban Christian Rosenkreutz [&hellip;]<\/p>\n","protected":false},"author":1,"featured_media":0,"parent":0,"menu_order":0,"comment_status":"closed","ping_status":"closed","template":"","meta":{"footnotes":""},"class_list":["post-775","page","type-page","status-publish","hentry"],"_links":{"self":[{"href":"https:\/\/amorc.hu\/index.php\/wp-json\/wp\/v2\/pages\/775","targetHints":{"allow":["GET"]}}],"collection":[{"href":"https:\/\/amorc.hu\/index.php\/wp-json\/wp\/v2\/pages"}],"about":[{"href":"https:\/\/amorc.hu\/index.php\/wp-json\/wp\/v2\/types\/page"}],"author":[{"embeddable":true,"href":"https:\/\/amorc.hu\/index.php\/wp-json\/wp\/v2\/users\/1"}],"replies":[{"embeddable":true,"href":"https:\/\/amorc.hu\/index.php\/wp-json\/wp\/v2\/comments?post=775"}],"version-history":[{"count":115,"href":"https:\/\/amorc.hu\/index.php\/wp-json\/wp\/v2\/pages\/775\/revisions"}],"predecessor-version":[{"id":1172,"href":"https:\/\/amorc.hu\/index.php\/wp-json\/wp\/v2\/pages\/775\/revisions\/1172"}],"wp:attachment":[{"href":"https:\/\/amorc.hu\/index.php\/wp-json\/wp\/v2\/media?parent=775"}],"curies":[{"name":"wp","href":"https:\/\/api.w.org\/{rel}","templated":true}]}}